{"id":2670,"date":"2022-12-24T14:37:50","date_gmt":"2022-12-24T14:37:50","guid":{"rendered":"https:\/\/www.woutim.be\/travaux-de-peinture\/"},"modified":"2023-04-08T12:13:56","modified_gmt":"2023-04-08T12:13:56","slug":"travaux-de-peinture","status":"publish","type":"page","link":"https:\/\/www.woutim.be\/fr\/travaux-de-peinture\/","title":{"rendered":"travaux de peinture"},"content":{"rendered":"\t\t<div data-elementor-type=\"wp-page\" data-elementor-id=\"2670\" class=\"elementor elementor-2670 elementor-56\" data-elementor-post-type=\"page\">\n\t\t\t\t\t\t<section class=\"elementor-section elementor-top-section elementor-element elementor-element-7e1a56b elementor-section-boxed elementor-section-height-default elementor-section-height-default\" data-id=\"7e1a56b\" data-element_type=\"section\">\n\t\t\t\t\t\t<div class=\"elementor-container elementor-column-gap-default\">\n\t\t\t\t\t<div class=\"elementor-column elementor-col-100 elementor-top-column elementor-element elementor-element-8204598\" data-id=\"8204598\" data-element_type=\"column\">\n\t\t\t<div class=\"elementor-widget-wrap elementor-element-populated\">\n\t\t\t\t\t\t<div class=\"elementor-element elementor-element-8eaf288 elementor-widget elementor-widget-paintworks\" data-id=\"8eaf288\" data-element_type=\"widget\" data-widget_type=\"paintworks.default\">\n\t\t\t\t<div class=\"elementor-widget-container\">\n\t\t\t\t\t<div class=\"container\">\r\n    <div class=\"row padding small-padding-bottom\">\r\n        <div class=\"col-md-3\">\r\n            <h2>Paintworks<\/h2>\r\n        <\/div>\r\n        <div class=\"col-md-9\">\r\n            <h3>Woutim est actif depuis 40 ans. Woutim est devenue une entreprise professionnelle polyvalente, \u00e0 l'aise dans toutes les disciplines de la d\u00e9coration d'int\u00e9rieur.<\/h3>\r\n            <a href=\"https:\/\/www.woutim.be\/fr\/travaux-de-peinture\/a-propos-de-woutim\/\" target=\"_blank\" rel=\"nofollow\" class=\"cta-arrow black\">En savoir plus<\/a>\r\n        <\/div>\r\n    <\/div>\r\n<\/div>\r\n\r\n\r\n\t\t\t\t<\/div>\n\t\t\t\t<\/div>\n\t\t\t\t<div class=\"elementor-element elementor-element-fdbe61d elementor-widget elementor-widget-clintlogo\" data-id=\"fdbe61d\" data-element_type=\"widget\" data-widget_type=\"clintlogo.default\">\n\t\t\t\t<div class=\"elementor-widget-container\">\n\t\t\t\t\t<div class=\"container\">\r\n    <div class=\"rij\">\r\n        <div class=\"row clients\">        <div class=\"col-4 col-md-2\">\r\n            <figure style=\"background-image: url('https:\/\/www.woutim.be\/wp-content\/uploads\/2022\/12\/clochedor-black.svg');\"><\/figure>\r\n        <\/div>\r\n                <div class=\"col-4 col-md-2\">\r\n            <figure style=\"background-image: url('https:\/\/www.woutim.be\/wp-content\/uploads\/2022\/12\/kinepolis-black.svg');\"><\/figure>\r\n        <\/div>\r\n                <div class=\"col-4 col-md-2\">\r\n            <figure style=\"background-image: url('https:\/\/www.woutim.be\/wp-content\/uploads\/2022\/12\/centerparcs-black.svg');\"><\/figure>\r\n        <\/div>\r\n                <div class=\"col-4 col-md-2\">\r\n            <figure style=\"background-image: url('https:\/\/www.woutim.be\/wp-content\/uploads\/2022\/12\/ghelamco-black.svg');\"><\/figure>\r\n        <\/div>\r\n                <div class=\"col-4 col-md-2\">\r\n            <figure style=\"background-image: url('https:\/\/www.woutim.be\/wp-content\/uploads\/2022\/12\/zara-black.svg');\"><\/figure>\r\n        <\/div>\r\n                <div class=\"col-4 col-md-2\">\r\n            <figure style=\"background-image: url('https:\/\/www.woutim.be\/wp-content\/uploads\/2022\/12\/rsca-black.svg');\"><\/figure>\r\n        <\/div>\r\n         <\/div>\r\n        <div class=\"row clients\">        <div class=\"col-4 col-md-2\">\r\n            <figure style=\"background-image: url('https:\/\/www.woutim.be\/wp-content\/uploads\/2022\/12\/bnp-black.svg');?>\"><\/figure>\r\n        <\/div>\r\n                <div class=\"col-4 col-md-2\">\r\n            <figure style=\"background-image: url('https:\/\/www.woutim.be\/wp-content\/uploads\/2022\/12\/uz-black.svg');?>\"><\/figure>\r\n        <\/div>\r\n                <div class=\"col-4 col-md-2\">\r\n            <figure style=\"background-image: url('https:\/\/www.woutim.be\/wp-content\/uploads\/2022\/12\/crowneplaza-black.svg');?>\"><\/figure>\r\n        <\/div>\r\n                <div class=\"col-4 col-md-2\">\r\n            <figure style=\"background-image: url('https:\/\/www.woutim.be\/wp-content\/uploads\/2022\/12\/luminus-black.svg');?>\"><\/figure>\r\n        <\/div>\r\n                <div class=\"col-4 col-md-2\">\r\n            <figure style=\"background-image: url('https:\/\/www.woutim.be\/wp-content\/uploads\/2022\/12\/hm-black.svg');?>\"><\/figure>\r\n        <\/div>\r\n                <div class=\"col-4 col-md-2\">\r\n            <figure style=\"background-image: url('https:\/\/www.woutim.be\/wp-content\/uploads\/2022\/12\/lijn-black.svg');?>\"><\/figure>\r\n        <\/div>\r\n         <\/div>\r\n\r\n    <\/div>\r\n<\/div>\r\n\r\n\t\t\t\t<\/div>\n\t\t\t\t<\/div>\n\t\t\t\t\t<\/div>\n\t\t<\/div>\n\t\t\t\t\t<\/div>\n\t\t<\/section>\n\t\t\t\t<section class=\"elementor-section elementor-top-section elementor-element elementor-element-ae65369 elementor-section-stretched elementor-section-full_width elementor-section-height-default elementor-section-height-default\" data-id=\"ae65369\" data-element_type=\"section\" data-settings=\"{&quot;stretch_section&quot;:&quot;section-stretched&quot;}\">\n\t\t\t\t\t\t<div class=\"elementor-container elementor-column-gap-default\">\n\t\t\t\t\t<div class=\"elementor-column elementor-col-100 elementor-top-column elementor-element elementor-element-31f467c\" data-id=\"31f467c\" data-element_type=\"column\">\n\t\t\t<div class=\"elementor-widget-wrap elementor-element-populated\">\n\t\t\t\t\t\t<div class=\"elementor-element elementor-element-a6d9281 elementor-widget elementor-widget-projectsblogpost\" data-id=\"a6d9281\" data-element_type=\"widget\" data-widget_type=\"projectsblogpost.default\">\n\t\t\t\t<div class=\"elementor-widget-container\">\n\t\t\t\t\t\r\n<!-- Start rendering the output -->\r\n<div class=\"padding\">\r\n\r\n    <div class=\"row justify-content-center\" style=\"text-align: center;\">\r\n        <div class=\"col-md-6 title-margin \">\r\n            <h2>R\u00e9alisations<\/h2>\r\n            <h3>Projets nomm\u00e9s<\/h3>\r\n        <\/div>\r\n    <\/div>\r\n    <div class=\"row\">\r\n                <div class=\"col-md-6 col-xl-3 small-margin-top-tablet\">\r\n            <article class=\"small-article \" style=\"background-image: linear-gradient(to top,rgba(0,0,0,.75) 0, rgba(0,0,0,0) 200px),url(https:\/\/www.woutim.be\/wp-content\/uploads\/2022\/12\/Indigo_Brussel-1.jpg);\">\r\n                                                <a href=\"https:\/\/www.woutim.be\/fr\/indigo-bruxelles\/\" class=\"cta-arrow go\">VIEW PROJECT<\/a>\r\n            <\/article>\r\n        <\/div>\r\n                <div class=\"col-md-6 col-xl-3 small-margin-top-tablet\">\r\n            <article class=\"small-article \" style=\"background-image: linear-gradient(to top,rgba(0,0,0,.75) 0, rgba(0,0,0,0) 200px),url(https:\/\/www.woutim.be\/wp-content\/uploads\/2022\/12\/Centerparcs_Erperheide.jpg);\">\r\n                                                <a href=\"https:\/\/www.woutim.be\/fr\/centerparcs-erperheide\/\" class=\"cta-arrow go\">VIEW PROJECT<\/a>\r\n            <\/article>\r\n        <\/div>\r\n                <div class=\"col-md-6 col-xl-3 small-margin-top-tablet\">\r\n            <article class=\"small-article \" style=\"background-image: linear-gradient(to top,rgba(0,0,0,.75) 0, rgba(0,0,0,0) 200px),url(https:\/\/www.woutim.be\/wp-content\/uploads\/2022\/12\/Centerparcs_het-heijderbos.jpg);\">\r\n                                                <a href=\"https:\/\/www.woutim.be\/fr\/centerparcs-heijderbos\/\" class=\"cta-arrow go\">VIEW PROJECT<\/a>\r\n            <\/article>\r\n        <\/div>\r\n                <div class=\"col-md-6 col-xl-3 small-margin-top-tablet\">\r\n            <article class=\"small-article \" style=\"background-image: linear-gradient(to top,rgba(0,0,0,.75) 0, rgba(0,0,0,0) 200px),url(https:\/\/www.woutim.be\/wp-content\/uploads\/2022\/12\/Centerparcs_De_Vossemeren.jpg);\">\r\n                                                <a href=\"https:\/\/www.woutim.be\/fr\/centerparcs-de-vossemeren\/\" class=\"cta-arrow go\">VIEW PROJECT<\/a>\r\n            <\/article>\r\n        <\/div>\r\n        \r\n\r\n    <\/div>\r\n    <div style=\"text-align: center;\" class=\"small-margin-top-tablet \">\r\n        <a href=\"https:\/\/www.woutim.be\/fr\/travaux-de-peinture\/realisations-2\/\" class=\"cta-border-black  \">VOIR PLUS DE PROJETS<\/a>\r\n    <\/div>\r\n<\/div>\r\n\r\n\t\t\t\t<\/div>\n\t\t\t\t<\/div>\n\t\t\t\t\t<\/div>\n\t\t<\/div>\n\t\t\t\t\t<\/div>\n\t\t<\/section>\n\t\t\t\t<section class=\"elementor-section elementor-top-section elementor-element elementor-element-4987f49 elementor-section-stretched elementor-section-full_width elementor-section-height-default elementor-section-height-default\" data-id=\"4987f49\" data-element_type=\"section\" data-settings=\"{&quot;stretch_section&quot;:&quot;section-stretched&quot;}\">\n\t\t\t\t\t\t<div class=\"elementor-container elementor-column-gap-default\">\n\t\t\t\t\t<div class=\"elementor-column elementor-col-100 elementor-top-column elementor-element elementor-element-8e69608\" data-id=\"8e69608\" data-element_type=\"column\">\n\t\t\t<div class=\"elementor-widget-wrap\">\n\t\t\t\t\t\t\t<\/div>\n\t\t<\/div>\n\t\t\t\t\t<\/div>\n\t\t<\/section>\n\t\t\t\t<section class=\"elementor-section elementor-top-section elementor-element elementor-element-f3f8a1c elementor-section-boxed elementor-section-height-default elementor-section-height-default\" data-id=\"f3f8a1c\" data-element_type=\"section\">\n\t\t\t\t\t\t<div class=\"elementor-container elementor-column-gap-default\">\n\t\t\t\t\t<div class=\"elementor-column elementor-col-100 elementor-top-column elementor-element elementor-element-273349c\" data-id=\"273349c\" data-element_type=\"column\">\n\t\t\t<div class=\"elementor-widget-wrap elementor-element-populated\">\n\t\t\t\t\t\t<div class=\"elementor-element elementor-element-ac2ccf7 elementor-widget elementor-widget-ecostory\" data-id=\"ac2ccf7\" data-element_type=\"widget\" data-widget_type=\"ecostory.default\">\n\t\t\t\t<div class=\"elementor-widget-container\">\n\t\t\t\t\t\r\n<!-- Start rendering the output -->\r\n<div class=\"container\">\r\n    <div class=\"row\">\r\n        <div class=\"col-md-6  \">\r\n            <div class=\"small-margin-desktop\"><\/div>\r\n            <h2>La durabilit\u00e9 \u00e0 un autre niveau<\/h2>\r\n            <h3>Woutim r\u00e9alise le respect de l'environnement. Proposer des produits solides et durables va de pair avec notre histoire \u00e9cologique.<\/h3>\r\n            <a href=\"https:\/\/www.woutim.be\/fr\/travaux-de-peinture\/histoire-de-leco\/\" class=\"cta-arrow black  \">D\u00c9COUVREZ NOTRE \u00c9CO-HISTOIRE<\/a>\r\n        <\/div>\r\n        <div class=\"col-md-6  \">\r\n            <figure class=\"big-figure\" id=\"randImage\">\r\n                <img decoding=\"async\" src=\"https:\/\/www.woutim.be\/wp-content\/uploads\/2022\/12\/borstelreiniging-white.gif\" width=\"100%\">\r\n            <\/figure>\r\n        <\/div>\r\n    <\/div>\r\n<\/div>\r\n\r\n\t\t\t\t<\/div>\n\t\t\t\t<\/div>\n\t\t\t\t\t<\/div>\n\t\t<\/div>\n\t\t\t\t\t<\/div>\n\t\t<\/section>\n\t\t\t\t<section class=\"elementor-section elementor-top-section elementor-element elementor-element-06d376c elementor-section-full_width elementor-section-stretched elementor-section-height-default elementor-section-height-default\" data-id=\"06d376c\" data-element_type=\"section\" data-settings=\"{&quot;stretch_section&quot;:&quot;section-stretched&quot;}\">\n\t\t\t\t\t\t<div class=\"elementor-container elementor-column-gap-default\">\n\t\t\t\t\t<div class=\"elementor-column elementor-col-100 elementor-top-column elementor-element elementor-element-28e9bdc\" data-id=\"28e9bdc\" data-element_type=\"column\">\n\t\t\t<div class=\"elementor-widget-wrap elementor-element-populated\">\n\t\t\t\t\t\t<div class=\"elementor-element elementor-element-a32204a elementor-widget elementor-widget-news\" data-id=\"a32204a\" data-element_type=\"widget\" data-widget_type=\"news.default\">\n\t\t\t\t<div class=\"elementor-widget-container\">\n\t\t\t\t\t\r\n<div class=\"padding\">\r\n    <div class=\"container-fluid\">\r\n        <div class=\"row justify-content-center\" style=\"text-align: center;\">\r\n            <div class=\"col-md-6 title-margin \">\r\n                <h2>ACTUALIT\u00c9S<\/h2>\r\n                <h3>A peine sorti de presse<\/h3>\r\n            <\/div>\r\n        <\/div>\r\n        <div class=\"row\">\r\n                        <div class=\"col-md-6 small-margin-top\">\r\n                <article class=\"\" style=\"background-image: linear-gradient(to top,rgba(0,0,0,.75) 0, rgba(0,0,0,0) 200px),url(https:\/\/www.woutim.be\/wp-content\/uploads\/2022\/12\/hero.jpg);\">\r\n                    <h2><\/h2>\r\n                    <h3>Peintre et partenaire du projet \"Paint a Smile\".<\/h3>\r\n                    <a href=\"https:\/\/www.woutim.be\/fr\/travaux-de-peinture\/au-dela-de-la-lune\/\" class=\"cta-arrow\">En savoir plus<\/a>\r\n                <\/article>\r\n            <\/div>\r\n            \r\n        <\/div>\r\n    <\/div>\r\n<\/div>\r\n\r\n\t\t\t\t<\/div>\n\t\t\t\t<\/div>\n\t\t\t\t\t<\/div>\n\t\t<\/div>\n\t\t\t\t\t<\/div>\n\t\t<\/section>\n\t\t\t\t<\/div>\n\t\t","protected":false},"excerpt":{"rendered":"<p>Paintworks Woutim est actif depuis 40 ans. Woutim est devenue une entreprise professionnelle polyvalente, \u00e0 l&#8217;aise dans toutes les disciplines de la d\u00e9coration d&#8217;int\u00e9rieur. En savoir plus &#8220;> &#8220;> &#8220;> R\u00e9alisations Projets nomm\u00e9s Brussel Indigo VIEW PROJECT Erperheide Centerparcs VIEW PROJECT Heijderbos Centerparcs VIEW PROJECT De Vossemeren Centerparcs VIEW PROJECT VOIR PLUS DE PROJETS La [&hellip;]<\/p>\n","protected":false},"author":1,"featured_media":0,"parent":0,"menu_order":0,"comment_status":"closed","ping_status":"closed","template":"paintworks\/paintworks-index.php","meta":{"_acf_changed":false,"inline_featured_image":false,"footnotes":""},"class_list":["post-2670","page","type-page","status-publish","hentry"],"acf":[],"_links":{"self":[{"href":"https:\/\/www.woutim.be\/fr\/wp-json\/wp\/v2\/pages\/2670","targetHints":{"allow":["GET"]}}],"collection":[{"href":"https:\/\/www.woutim.be\/fr\/wp-json\/wp\/v2\/pages"}],"about":[{"href":"https:\/\/www.woutim.be\/fr\/wp-json\/wp\/v2\/types\/page"}],"author":[{"embeddable":true,"href":"https:\/\/www.woutim.be\/fr\/wp-json\/wp\/v2\/users\/1"}],"replies":[{"embeddable":true,"href":"https:\/\/www.woutim.be\/fr\/wp-json\/wp\/v2\/comments?post=2670"}],"version-history":[{"count":6,"href":"https:\/\/www.woutim.be\/fr\/wp-json\/wp\/v2\/pages\/2670\/revisions"}],"predecessor-version":[{"id":2773,"href":"https:\/\/www.woutim.be\/fr\/wp-json\/wp\/v2\/pages\/2670\/revisions\/2773"}],"wp:attachment":[{"href":"https:\/\/www.woutim.be\/fr\/wp-json\/wp\/v2\/media?parent=2670"}],"curies":[{"name":"wp","href":"https:\/\/api.w.org\/{rel}","templated":true}]}}