{"id":2659,"date":"2022-12-24T14:36:45","date_gmt":"2022-12-24T14:36:45","guid":{"rendered":"https:\/\/www.woutim.be\/total-interiors\/"},"modified":"2023-04-08T14:23:26","modified_gmt":"2023-04-08T14:23:26","slug":"total-interiors","status":"publish","type":"page","link":"https:\/\/www.woutim.be\/fr\/total-interiors\/","title":{"rendered":"total-interiors"},"content":{"rendered":"\t\t<div data-elementor-type=\"wp-page\" data-elementor-id=\"2659\" class=\"elementor elementor-2659 elementor-51\" data-elementor-post-type=\"page\">\n\t\t\t\t\t\t<section class=\"elementor-section elementor-top-section elementor-element elementor-element-cd2b63d elementor-section-boxed elementor-section-height-default elementor-section-height-default\" data-id=\"cd2b63d\" data-element_type=\"section\">\n\t\t\t\t\t\t<div class=\"elementor-container elementor-column-gap-default\">\n\t\t\t\t\t<div class=\"elementor-column elementor-col-100 elementor-top-column elementor-element elementor-element-cbabd84\" data-id=\"cbabd84\" data-element_type=\"column\">\n\t\t\t<div class=\"elementor-widget-wrap elementor-element-populated\">\n\t\t\t\t\t\t<div class=\"elementor-element elementor-element-be4e458 elementor-widget elementor-widget-paintworks\" data-id=\"be4e458\" data-element_type=\"widget\" data-widget_type=\"paintworks.default\">\n\t\t\t\t<div class=\"elementor-widget-container\">\n\t\t\t\t\t<div class=\"container\">\r\n    <div class=\"row padding small-padding-bottom\">\r\n        <div class=\"col-md-3\">\r\n            <h2>Total Interiors<\/h2>\r\n        <\/div>\r\n        <div class=\"col-md-9\">\r\n            <h3>Woutim est actif depuis 40 ans. Woutim est devenue une entreprise professionnelle polyvalente, \u00e0 l'aise dans toutes les disciplines de la d\u00e9coration d'int\u00e9rieur.\n<\/h3>\r\n            <a href=\"https:\/\/www.woutim.be\/fr\/total-interiors\/a-propos-de\/\" target=\"_blank\" rel=\"nofollow\" class=\"cta-arrow \">EN SAVOIR PLUS<\/a>\r\n        <\/div>\r\n    <\/div>\r\n<\/div>\r\n\r\n\r\n\t\t\t\t<\/div>\n\t\t\t\t<\/div>\n\t\t\t\t<div class=\"elementor-element elementor-element-cfa8ba4 elementor-widget elementor-widget-clintlogo\" data-id=\"cfa8ba4\" data-element_type=\"widget\" data-widget_type=\"clintlogo.default\">\n\t\t\t\t<div class=\"elementor-widget-container\">\n\t\t\t\t\t<div class=\"container\">\r\n    <div class=\"rij\">\r\n        <div class=\"row clients\">        <div class=\"col-4 col-md-2\">\r\n            <figure style=\"background-image: url('https:\/\/www.woutim.be\/wp-content\/uploads\/2022\/12\/clochedor.svg');\"><\/figure>\r\n        <\/div>\r\n                <div class=\"col-4 col-md-2\">\r\n            <figure style=\"background-image: url('https:\/\/www.woutim.be\/wp-content\/uploads\/2022\/12\/kinepolis.svg');\"><\/figure>\r\n        <\/div>\r\n                <div class=\"col-4 col-md-2\">\r\n            <figure style=\"background-image: url('https:\/\/www.woutim.be\/wp-content\/uploads\/2022\/12\/centerparcs.svg');\"><\/figure>\r\n        <\/div>\r\n                <div class=\"col-4 col-md-2\">\r\n            <figure style=\"background-image: url('https:\/\/www.woutim.be\/wp-content\/uploads\/2022\/12\/ghelamco.svg');\"><\/figure>\r\n        <\/div>\r\n                <div class=\"col-4 col-md-2\">\r\n            <figure style=\"background-image: url('https:\/\/www.woutim.be\/wp-content\/uploads\/2022\/12\/zara.svg');\"><\/figure>\r\n        <\/div>\r\n                <div class=\"col-4 col-md-2\">\r\n            <figure style=\"background-image: url('https:\/\/www.woutim.be\/wp-content\/uploads\/2022\/12\/rsca.svg');\"><\/figure>\r\n        <\/div>\r\n         <\/div>\r\n        <div class=\"row clients\">        <div class=\"col-4 col-md-2\">\r\n            <figure style=\"background-image: url('https:\/\/www.woutim.be\/wp-content\/uploads\/2022\/12\/bnp.svg');?>\"><\/figure>\r\n        <\/div>\r\n                <div class=\"col-4 col-md-2\">\r\n            <figure style=\"background-image: url('https:\/\/www.woutim.be\/wp-content\/uploads\/2022\/12\/uz.svg');?>\"><\/figure>\r\n        <\/div>\r\n                <div class=\"col-4 col-md-2\">\r\n            <figure style=\"background-image: url('https:\/\/www.woutim.be\/wp-content\/uploads\/2022\/12\/crowneplaza.svg');?>\"><\/figure>\r\n        <\/div>\r\n                <div class=\"col-4 col-md-2\">\r\n            <figure style=\"background-image: url('https:\/\/www.woutim.be\/wp-content\/uploads\/2022\/12\/luminus.svg');?>\"><\/figure>\r\n        <\/div>\r\n                <div class=\"col-4 col-md-2\">\r\n            <figure style=\"background-image: url('https:\/\/www.woutim.be\/wp-content\/uploads\/2022\/12\/lijn.svg');?>\"><\/figure>\r\n        <\/div>\r\n                <div class=\"col-4 col-md-2\">\r\n            <figure style=\"background-image: url('https:\/\/www.woutim.be\/wp-content\/uploads\/2022\/12\/hm-1.svg');?>\"><\/figure>\r\n        <\/div>\r\n         <\/div>\r\n\r\n    <\/div>\r\n<\/div>\r\n\r\n\t\t\t\t<\/div>\n\t\t\t\t<\/div>\n\t\t\t\t\t<\/div>\n\t\t<\/div>\n\t\t\t\t\t<\/div>\n\t\t<\/section>\n\t\t\t\t<section class=\"elementor-section elementor-top-section elementor-element elementor-element-e42946d elementor-section-full_width elementor-section-stretched elementor-section-height-default elementor-section-height-default\" data-id=\"e42946d\" data-element_type=\"section\" data-settings=\"{&quot;stretch_section&quot;:&quot;section-stretched&quot;}\">\n\t\t\t\t\t\t<div class=\"elementor-container elementor-column-gap-default\">\n\t\t\t\t\t<div class=\"elementor-column elementor-col-100 elementor-top-column elementor-element elementor-element-382ad1f\" data-id=\"382ad1f\" data-element_type=\"column\">\n\t\t\t<div class=\"elementor-widget-wrap elementor-element-populated\">\n\t\t\t\t\t\t<div class=\"elementor-element elementor-element-3146a18 elementor-widget elementor-widget-projectsblogpost\" data-id=\"3146a18\" data-element_type=\"widget\" data-widget_type=\"projectsblogpost.default\">\n\t\t\t\t<div class=\"elementor-widget-container\">\n\t\t\t\t\t\r\n<!-- Start rendering the output -->\r\n<div class=\"padding\">\r\n\r\n    <div class=\"row justify-content-center\" style=\"text-align: center;\">\r\n        <div class=\"col-md-6 title-margin \">\r\n            <h2>R\u00e9alisations<\/h2>\r\n            <h3>Projets nomm\u00e9s<\/h3>\r\n        <\/div>\r\n    <\/div>\r\n    <div class=\"row\">\r\n                <div class=\"col-md-6 col-xl-3 small-margin-top-tablet\">\r\n            <article class=\"small-article \" style=\"background-image: linear-gradient(to top,rgba(0,0,0,.75) 0, rgba(0,0,0,0) 200px),url(https:\/\/www.woutim.be\/wp-content\/uploads\/2022\/12\/brandweer-hasselt-cover-2.jpg);\">\r\n                                                <a href=\"https:\/\/www.woutim.be\/fr\/service-dincendie-de-hasselt\/\" class=\"cta-arrow go\">VIEW PROJECT<\/a>\r\n            <\/article>\r\n        <\/div>\r\n                <div class=\"col-md-6 col-xl-3 small-margin-top-tablet\">\r\n            <article class=\"small-article \" style=\"background-image: linear-gradient(to top,rgba(0,0,0,.75) 0, rgba(0,0,0,0) 200px),url(https:\/\/www.woutim.be\/wp-content\/uploads\/2022\/12\/rsca-cover.jpg);\">\r\n                                                <a href=\"https:\/\/www.woutim.be\/fr\/rsc-anderlecht\/\" class=\"cta-arrow go\">VIEW PROJECT<\/a>\r\n            <\/article>\r\n        <\/div>\r\n                <div class=\"col-md-6 col-xl-3 small-margin-top-tablet\">\r\n            <article class=\"small-article \" style=\"background-image: linear-gradient(to top,rgba(0,0,0,.75) 0, rgba(0,0,0,0) 200px),url(https:\/\/www.woutim.be\/wp-content\/uploads\/2022\/12\/indigo-cover.jpg);\">\r\n                                                <a href=\"https:\/\/www.woutim.be\/fr\/hotel-indigo\/\" class=\"cta-arrow go\">VIEW PROJECT<\/a>\r\n            <\/article>\r\n        <\/div>\r\n                <div class=\"col-md-6 col-xl-3 small-margin-top-tablet\">\r\n            <article class=\"small-article \" style=\"background-image: linear-gradient(to top,rgba(0,0,0,.75) 0, rgba(0,0,0,0) 200px),url(https:\/\/www.woutim.be\/wp-content\/uploads\/2022\/12\/centerparks-cover.jpg);\">\r\n                                                <a href=\"https:\/\/www.woutim.be\/fr\/centre-parcs\/\" class=\"cta-arrow go\">VIEW PROJECT<\/a>\r\n            <\/article>\r\n        <\/div>\r\n        \r\n\r\n    <\/div>\r\n    <div style=\"text-align: center;\" class=\"small-margin-top-tablet \">\r\n        <a href=\"https:\/\/www.woutim.be\/fr\/total-interiors\/realisations\/\" class=\"cta-border-white  \">En savoir plus<\/a>\r\n    <\/div>\r\n<\/div>\r\n\r\n\t\t\t\t<\/div>\n\t\t\t\t<\/div>\n\t\t\t\t\t<\/div>\n\t\t<\/div>\n\t\t\t\t\t<\/div>\n\t\t<\/section>\n\t\t\t\t<section class=\"elementor-section elementor-top-section elementor-element elementor-element-fd5e6dd elementor-section-boxed elementor-section-height-default elementor-section-height-default\" data-id=\"fd5e6dd\" data-element_type=\"section\">\n\t\t\t\t\t\t<div class=\"elementor-container elementor-column-gap-default\">\n\t\t\t\t\t<div class=\"elementor-column elementor-col-100 elementor-top-column elementor-element elementor-element-69b4ed4\" data-id=\"69b4ed4\" data-element_type=\"column\">\n\t\t\t<div class=\"elementor-widget-wrap elementor-element-populated\">\n\t\t\t\t\t\t<div class=\"elementor-element elementor-element-c59dc9c elementor-widget elementor-widget-ecostory\" data-id=\"c59dc9c\" data-element_type=\"widget\" data-widget_type=\"ecostory.default\">\n\t\t\t\t<div class=\"elementor-widget-container\">\n\t\t\t\t\t\r\n<!-- Start rendering the output -->\r\n<div class=\"container\">\r\n    <div class=\"row\">\r\n        <div class=\"col-md-6  \">\r\n            <div class=\"small-margin-desktop\"><\/div>\r\n            <h2>La durabilit\u00e9 \u00e0 un autre niveau<\/h2>\r\n            <h3>Woutim r\u00e9alise le respect de l'environnement. Proposer des produits solides et durables va de pair avec notre histoire \u00e9cologique.\n<\/h3>\r\n            <a href=\"https:\/\/www.woutim.be\/fr\/total-interiors\/eco-histoire\/\" class=\"cta-arrow  \">D\u00c9COUVREZ NOTRE \u00c9CO-HISTOIRE<\/a>\r\n        <\/div>\r\n        <div class=\"col-md-6  \">\r\n            <figure class=\"big-figure\" id=\"randImage\">\r\n                <img decoding=\"async\" src=\"https:\/\/www.woutim.be\/wp-content\/uploads\/2022\/12\/eco-wagens.gif\" width=\"100%\">\r\n            <\/figure>\r\n        <\/div>\r\n    <\/div>\r\n<\/div>\r\n\r\n\t\t\t\t<\/div>\n\t\t\t\t<\/div>\n\t\t\t\t\t<\/div>\n\t\t<\/div>\n\t\t\t\t\t<\/div>\n\t\t<\/section>\n\t\t\t\t<\/div>\n\t\t","protected":false},"excerpt":{"rendered":"<p>Total Interiors Woutim est actif depuis 40 ans. Woutim est devenue une entreprise professionnelle polyvalente, \u00e0 l&#8217;aise dans toutes les disciplines de la d\u00e9coration d&#8217;int\u00e9rieur. EN SAVOIR PLUS &#8220;> &#8220;> &#8220;> R\u00e9alisations Projets nomm\u00e9s Hasselt FIRE DEPARTMENT VIEW PROJECT Anderlecht RSC ANDERLECHT VIEW PROJECT Brussels HOTEL INDIGO VIEW PROJECT Rooster CENTER PARCS VIEW PROJECT En [&hellip;]<\/p>\n","protected":false},"author":1,"featured_media":0,"parent":0,"menu_order":0,"comment_status":"closed","ping_status":"closed","template":"total-interiors\/total-interiors-index.php","meta":{"_acf_changed":false,"inline_featured_image":false,"footnotes":""},"class_list":["post-2659","page","type-page","status-publish","hentry"],"acf":[],"_links":{"self":[{"href":"https:\/\/www.woutim.be\/fr\/wp-json\/wp\/v2\/pages\/2659","targetHints":{"allow":["GET"]}}],"collection":[{"href":"https:\/\/www.woutim.be\/fr\/wp-json\/wp\/v2\/pages"}],"about":[{"href":"https:\/\/www.woutim.be\/fr\/wp-json\/wp\/v2\/types\/page"}],"author":[{"embeddable":true,"href":"https:\/\/www.woutim.be\/fr\/wp-json\/wp\/v2\/users\/1"}],"replies":[{"embeddable":true,"href":"https:\/\/www.woutim.be\/fr\/wp-json\/wp\/v2\/comments?post=2659"}],"version-history":[{"count":9,"href":"https:\/\/www.woutim.be\/fr\/wp-json\/wp\/v2\/pages\/2659\/revisions"}],"predecessor-version":[{"id":3024,"href":"https:\/\/www.woutim.be\/fr\/wp-json\/wp\/v2\/pages\/2659\/revisions\/3024"}],"wp:attachment":[{"href":"https:\/\/www.woutim.be\/fr\/wp-json\/wp\/v2\/media?parent=2659"}],"curies":[{"name":"wp","href":"https:\/\/api.w.org\/{rel}","templated":true}]}}