{"id":2648,"date":"2022-12-25T16:09:40","date_gmt":"2022-12-25T16:09:40","guid":{"rendered":"https:\/\/www.woutim.be\/emplois-2\/"},"modified":"2023-04-20T09:49:59","modified_gmt":"2023-04-20T09:49:59","slug":"emplois","status":"publish","type":"page","link":"https:\/\/www.woutim.be\/fr\/travaux-de-peinture\/emplois\/","title":{"rendered":"emplois"},"content":{"rendered":"\t\t<div data-elementor-type=\"wp-page\" data-elementor-id=\"2648\" class=\"elementor elementor-2648 elementor-599\" data-elementor-post-type=\"page\">\n\t\t\t\t\t\t<section class=\"elementor-section elementor-top-section elementor-element elementor-element-ffc6c09 elementor-section-boxed elementor-section-height-default elementor-section-height-default\" data-id=\"ffc6c09\" data-element_type=\"section\">\n\t\t\t\t\t\t<div class=\"elementor-container elementor-column-gap-default\">\n\t\t\t\t\t<div class=\"elementor-column elementor-col-100 elementor-top-column elementor-element elementor-element-93c7059\" data-id=\"93c7059\" data-element_type=\"column\">\n\t\t\t<div class=\"elementor-widget-wrap elementor-element-populated\">\n\t\t\t\t\t\t<div class=\"elementor-element elementor-element-d57365a elementor-widget elementor-widget-janBreyde\" data-id=\"d57365a\" data-element_type=\"widget\" data-widget_type=\"janBreyde.default\">\n\t\t\t\t<div class=\"elementor-widget-container\">\n\t\t\t\t\t\r\n<div class=\"padding\">\r\n    <div class=\"container\">\r\n        <div class=\"row justify-content-center\" style=\"text-align: center;\">\r\n            <div class=\"col-md-6\">\r\n                <h2 class=\" \">Tous nos postes ont \u00e9t\u00e9 pourvus<\/h2>\r\n                <h3 class=\" \">Nous n'avons actuellement aucun poste vacant.<\/h3>\r\n                <a href=\"https:\/\/www.woutim.be\/fr\/travaux-de-peinture\/contacter\/\" class=\"cta-arrow black go to-contact\">Candidature spontan\u00e9e<\/a>\r\n            <\/div>\r\n        <\/div>\r\n    <\/div>\r\n<\/div>\r\n\r\n\t\t\t\t<\/div>\n\t\t\t\t<\/div>\n\t\t\t\t\t<\/div>\n\t\t<\/div>\n\t\t\t\t\t<\/div>\n\t\t<\/section>\n\t\t\t\t<section class=\"elementor-section elementor-top-section elementor-element elementor-element-38ae363 elementor-section-boxed elementor-section-height-default elementor-section-height-default\" data-id=\"38ae363\" data-element_type=\"section\">\n\t\t\t\t\t\t<div class=\"elementor-container elementor-column-gap-default\">\n\t\t\t\t\t<div class=\"elementor-column elementor-col-100 elementor-top-column elementor-element elementor-element-d4fb939\" data-id=\"d4fb939\" data-element_type=\"column\">\n\t\t\t<div class=\"elementor-widget-wrap elementor-element-populated\">\n\t\t\t\t\t\t<div class=\"elementor-element elementor-element-7e2df6e elementor-widget elementor-widget-ecostory\" data-id=\"7e2df6e\" data-element_type=\"widget\" data-widget_type=\"ecostory.default\">\n\t\t\t\t<div class=\"elementor-widget-container\">\n\t\t\t\t\t\r\n<!-- Start rendering the output -->\r\n<div class=\"container\">\r\n    <div class=\"row\">\r\n        <div class=\"col-md-6  \">\r\n            <div class=\"small-margin-desktop\"><\/div>\r\n            <h2>Niveau de durabilit\u00e9<\/h2>\r\n            <h3>Woutim r\u00e9alise le respect de l'environnement. Proposer des produits solides et durables va de pair avec notre histoire \u00e9cologique.\n<\/h3>\r\n            <a href=\"https:\/\/www.woutim.be\/fr\/travaux-de-peinture\/histoire-de-leco\/\" target=\"_blank\" rel=\"nofollow\" class=\"cta-arrow black  go to-eco\">D\u00e9couvrez notre \u00e9co-histoire<\/a>\r\n        <\/div>\r\n        <div class=\"col-md-6  \">\r\n            <figure class=\"big-figure\" id=\"randImage\">\r\n                <img decoding=\"async\" src=\"https:\/\/www.woutim.be\/wp-content\/uploads\/2022\/12\/vrachtwagen-container-white.gif\" width=\"100%\">\r\n            <\/figure>\r\n        <\/div>\r\n    <\/div>\r\n<\/div>\r\n\r\n\t\t\t\t<\/div>\n\t\t\t\t<\/div>\n\t\t\t\t\t<\/div>\n\t\t<\/div>\n\t\t\t\t\t<\/div>\n\t\t<\/section>\n\t\t\t\t<\/div>\n\t\t","protected":false},"excerpt":{"rendered":"<p>Tous nos postes ont \u00e9t\u00e9 pourvus Nous n&#8217;avons actuellement aucun poste vacant. Candidature spontan\u00e9e Niveau de durabilit\u00e9 Woutim r\u00e9alise le respect de l&#8217;environnement. Proposer des produits solides et durables va de pair avec notre histoire \u00e9cologique. D\u00e9couvrez notre \u00e9co-histoire<\/p>\n","protected":false},"author":1,"featured_media":0,"parent":2670,"menu_order":0,"comment_status":"closed","ping_status":"closed","template":"paintworks\/projects-template.php","meta":{"_acf_changed":false,"inline_featured_image":false,"footnotes":""},"class_list":["post-2648","page","type-page","status-publish","hentry"],"acf":[],"_links":{"self":[{"href":"https:\/\/www.woutim.be\/fr\/wp-json\/wp\/v2\/pages\/2648","targetHints":{"allow":["GET"]}}],"collection":[{"href":"https:\/\/www.woutim.be\/fr\/wp-json\/wp\/v2\/pages"}],"about":[{"href":"https:\/\/www.woutim.be\/fr\/wp-json\/wp\/v2\/types\/page"}],"author":[{"embeddable":true,"href":"https:\/\/www.woutim.be\/fr\/wp-json\/wp\/v2\/users\/1"}],"replies":[{"embeddable":true,"href":"https:\/\/www.woutim.be\/fr\/wp-json\/wp\/v2\/comments?post=2648"}],"version-history":[{"count":12,"href":"https:\/\/www.woutim.be\/fr\/wp-json\/wp\/v2\/pages\/2648\/revisions"}],"predecessor-version":[{"id":3102,"href":"https:\/\/www.woutim.be\/fr\/wp-json\/wp\/v2\/pages\/2648\/revisions\/3102"}],"up":[{"embeddable":true,"href":"https:\/\/www.woutim.be\/fr\/wp-json\/wp\/v2\/pages\/2670"}],"wp:attachment":[{"href":"https:\/\/www.woutim.be\/fr\/wp-json\/wp\/v2\/media?parent=2648"}],"curies":[{"name":"wp","href":"https:\/\/api.w.org\/{rel}","templated":true}]}}