{"id":2633,"date":"2022-12-26T15:19:59","date_gmt":"2022-12-26T15:19:59","guid":{"rendered":"https:\/\/www.woutim.be\/a-propos-de\/"},"modified":"2023-04-08T14:38:34","modified_gmt":"2023-04-08T14:38:34","slug":"a-propos-de","status":"publish","type":"page","link":"https:\/\/www.woutim.be\/fr\/total-interiors\/a-propos-de\/","title":{"rendered":"\u00e0 propos de"},"content":{"rendered":"\t\t<div data-elementor-type=\"wp-page\" data-elementor-id=\"2633\" class=\"elementor elementor-2633 elementor-772\" data-elementor-post-type=\"page\">\n\t\t\t\t\t\t<section class=\"elementor-section elementor-top-section elementor-element elementor-element-7931f7d elementor-section-boxed elementor-section-height-default elementor-section-height-default\" data-id=\"7931f7d\" data-element_type=\"section\">\n\t\t\t\t\t\t<div class=\"elementor-container elementor-column-gap-default\">\n\t\t\t\t\t<div class=\"elementor-column elementor-col-100 elementor-top-column elementor-element elementor-element-9a3277e\" data-id=\"9a3277e\" data-element_type=\"column\">\n\t\t\t<div class=\"elementor-widget-wrap elementor-element-populated\">\n\t\t\t\t\t\t<div class=\"elementor-element elementor-element-972826b elementor-widget elementor-widget-aboutimagesflags\" data-id=\"972826b\" data-element_type=\"widget\" data-widget_type=\"aboutimagesflags.default\">\n\t\t\t\t<div class=\"elementor-widget-container\">\n\t\t\t\t\t\r\n<!-- Start rendering the output -->\r\n<div class=\"padding no-padding-bottom\">\r\n    <div class=\"container\">\r\n        <div class=\"map  \">\r\n            <img decoding=\"async\" src=\"https:\/\/www.woutim.be\/wp-content\/uploads\/2022\/12\/europe.svg\" class=\"europe\" alt=\"Woutim buitenland | Paintworks\">\r\n            <img decoding=\"async\" src=\"https:\/\/www.woutim.be\/wp-content\/uploads\/2022\/12\/europe-flags.svg\" class=\"europe-flags-final\" alt=\"Woutim buitenland vlaggen | Paintworks\">\r\n        <\/div>\r\n        <div class=\"row map-text  \">\r\n            <div class=\"col-md-6\">\r\n            <\/div>\r\n            <div class=\"col-md-6 rellax\" data-rellax-speed=\"1\" data-rellax-percentage=\"0.5\">\r\n                <h2 class=\" \">R\u00e9alisations en Belgique et \u00e0 l'\u00e9tranger<\/h2>\r\n                <h3 class=\" \">Belgique, Luxembourg, Pays-Bas, France, Pologne\n<\/h3>\r\n            <\/div>\r\n        <\/div>\r\n    <\/div>\r\n<\/div>\r\n\r\n\t\t\t\t<\/div>\n\t\t\t\t<\/div>\n\t\t\t\t\t<\/div>\n\t\t<\/div>\n\t\t\t\t\t<\/div>\n\t\t<\/section>\n\t\t\t\t<section class=\"elementor-section elementor-top-section elementor-element elementor-element-6764bbc elementor-section-boxed elementor-section-height-default elementor-section-height-default\" data-id=\"6764bbc\" data-element_type=\"section\">\n\t\t\t\t\t\t<div class=\"elementor-container elementor-column-gap-default\">\n\t\t\t\t\t<div class=\"elementor-column elementor-col-100 elementor-top-column elementor-element elementor-element-4618ea2\" data-id=\"4618ea2\" data-element_type=\"column\">\n\t\t\t<div class=\"elementor-widget-wrap elementor-element-populated\">\n\t\t\t\t\t\t<div class=\"elementor-element elementor-element-fa8d484 elementor-widget elementor-widget-imagesmap\" data-id=\"fa8d484\" data-element_type=\"widget\" data-widget_type=\"imagesmap.default\">\n\t\t\t\t<div class=\"elementor-widget-container\">\n\t\t\t\t\t<div class=\"padding no-padding-bottom\">\r\n    <div class=\"container\">\r\n        <div class=\"padding small-padding-bottom-phone\">\r\n            <div class=\"map  \">\r\n                <img decoding=\"async\" src=\"https:\/\/www.woutim.be\/wp-content\/uploads\/2022\/12\/belgie.svg\" class=\"belgie\" alt=\"Woutim Belgi\u00eb | Paintworks\">\r\n                <img decoding=\"async\" src=\"https:\/\/www.woutim.be\/wp-content\/uploads\/2022\/12\/belgie-flags.svg\" class=\"belgie-flags-final\" alt=\"Woutim Belgi\u00eb vlaggen | Paintworks\">\r\n            <\/div>\r\n            <div class=\"row map-text  \">\r\n                <div class=\"col-md-6 rellax\" data-rellax-speed=\"1\" data-rellax-percentage=\"0.5\">\r\n                    <h2 class=\" \">Mais avant tout<\/h2>\r\n                    <h3 class=\" \">Une entreprise belge fi\u00e8re\n<\/h3>\r\n                <\/div>\r\n                <div class=\"col-md-6\">\r\n                <\/div>\r\n            <\/div>\r\n        <\/div>\r\n    <\/div>\r\n<\/div>\r\n\r\n\r\n\t\t\t\t<\/div>\n\t\t\t\t<\/div>\n\t\t\t\t\t<\/div>\n\t\t<\/div>\n\t\t\t\t\t<\/div>\n\t\t<\/section>\n\t\t\t\t<section class=\"elementor-section elementor-top-section elementor-element elementor-element-edf38f9 elementor-section-boxed elementor-section-height-default elementor-section-height-default\" data-id=\"edf38f9\" data-element_type=\"section\">\n\t\t\t\t\t\t<div class=\"elementor-container elementor-column-gap-default\">\n\t\t\t\t\t<div class=\"elementor-column elementor-col-100 elementor-top-column elementor-element elementor-element-93e913d\" data-id=\"93e913d\" data-element_type=\"column\">\n\t\t\t<div class=\"elementor-widget-wrap elementor-element-populated\">\n\t\t\t\t\t\t<div class=\"elementor-element elementor-element-b4a417e elementor-widget elementor-widget-clintlogo\" data-id=\"b4a417e\" data-element_type=\"widget\" data-widget_type=\"clintlogo.default\">\n\t\t\t\t<div class=\"elementor-widget-container\">\n\t\t\t\t\t<div class=\"container\">\r\n    <div class=\"rij\">\r\n        <div class=\"row clients\">        <div class=\"col-4 col-md-2\">\r\n            <figure style=\"background-image: url('https:\/\/www.woutim.be\/wp-content\/uploads\/2022\/12\/clochedor-1.svg');\"><\/figure>\r\n        <\/div>\r\n                <div class=\"col-4 col-md-2\">\r\n            <figure style=\"background-image: url('https:\/\/www.woutim.be\/wp-content\/uploads\/2022\/12\/kinepolis-1.svg');\"><\/figure>\r\n        <\/div>\r\n                <div class=\"col-4 col-md-2\">\r\n            <figure style=\"background-image: url('https:\/\/www.woutim.be\/wp-content\/uploads\/2022\/12\/centerparcs-1.svg');\"><\/figure>\r\n        <\/div>\r\n                <div class=\"col-4 col-md-2\">\r\n            <figure style=\"background-image: url('https:\/\/www.woutim.be\/wp-content\/uploads\/2022\/12\/ghelamco-1.svg');\"><\/figure>\r\n        <\/div>\r\n                <div class=\"col-4 col-md-2\">\r\n            <figure style=\"background-image: url('https:\/\/www.woutim.be\/wp-content\/uploads\/2022\/12\/zara-1.svg');\"><\/figure>\r\n        <\/div>\r\n                <div class=\"col-4 col-md-2\">\r\n            <figure style=\"background-image: url('https:\/\/www.woutim.be\/wp-content\/uploads\/2022\/12\/rsca-1.svg');\"><\/figure>\r\n        <\/div>\r\n         <\/div>\r\n        <div class=\"row clients\">        <div class=\"col-4 col-md-2\">\r\n            <figure style=\"background-image: url('https:\/\/www.woutim.be\/wp-content\/uploads\/2022\/12\/bnp-1.svg');?>\"><\/figure>\r\n        <\/div>\r\n                <div class=\"col-4 col-md-2\">\r\n            <figure style=\"background-image: url('https:\/\/www.woutim.be\/wp-content\/uploads\/2022\/12\/uz-1.svg');?>\"><\/figure>\r\n        <\/div>\r\n                <div class=\"col-4 col-md-2\">\r\n            <figure style=\"background-image: url('https:\/\/www.woutim.be\/wp-content\/uploads\/2022\/12\/crowneplaza-1.svg');?>\"><\/figure>\r\n        <\/div>\r\n                <div class=\"col-4 col-md-2\">\r\n            <figure style=\"background-image: url('https:\/\/www.woutim.be\/wp-content\/uploads\/2022\/12\/hm-2.svg');?>\"><\/figure>\r\n        <\/div>\r\n                <div class=\"col-4 col-md-2\">\r\n            <figure style=\"background-image: url('https:\/\/www.woutim.be\/wp-content\/uploads\/2022\/12\/luminus-1.svg');?>\"><\/figure>\r\n        <\/div>\r\n                <div class=\"col-4 col-md-2\">\r\n            <figure style=\"background-image: url('https:\/\/www.woutim.be\/wp-content\/uploads\/2022\/12\/lijn-1.svg');?>\"><\/figure>\r\n        <\/div>\r\n         <\/div>\r\n\r\n    <\/div>\r\n<\/div>\r\n\r\n\t\t\t\t<\/div>\n\t\t\t\t<\/div>\n\t\t\t\t\t<\/div>\n\t\t<\/div>\n\t\t\t\t\t<\/div>\n\t\t<\/section>\n\t\t\t\t<section class=\"elementor-section elementor-top-section elementor-element elementor-element-f68eb76 elementor-section-full_width elementor-section-stretched elementor-section-height-default elementor-section-height-default\" data-id=\"f68eb76\" data-element_type=\"section\" data-settings=\"{&quot;stretch_section&quot;:&quot;section-stretched&quot;}\">\n\t\t\t\t\t\t<div class=\"elementor-container elementor-column-gap-default\">\n\t\t\t\t\t<div class=\"elementor-column elementor-col-100 elementor-top-column elementor-element elementor-element-b2b6d09\" data-id=\"b2b6d09\" data-element_type=\"column\">\n\t\t\t<div class=\"elementor-widget-wrap elementor-element-populated\">\n\t\t\t\t\t\t<div class=\"elementor-element elementor-element-d5d9558 elementor-widget elementor-widget-imagestexts\" data-id=\"d5d9558\" data-element_type=\"widget\" data-widget_type=\"imagestexts.default\">\n\t\t\t\t<div class=\"elementor-widget-container\">\n\t\t\t\t\t<div class=\"padding no-padding-bottom\">\r\n    <div class=\"absolute\">\r\n        <div class=\"container\">\r\n            <div class=\"row\">\r\n                <div class=\"col-md-6 col-lg-7\"><\/div>\r\n                <div class=\"col-md-6 col-lg-5  \">\r\n                    <div class=\"small-margin-desktop\"><\/div>\r\n                    <h2 class=\" \">40 ans d'activit\u00e9 professionnelle polyvalente<\/h2>\r\n                    <h3 class=\" \">Woutim est actif depuis 40 ans. Au fil des ans, notre entreprise s'est d\u00e9velopp\u00e9e pour devenir une entreprise professionnelle polyvalente, \u00e0 l'aise dans toutes les disciplines de la peinture.\n<\/h3>\r\n                <\/div>\r\n            <\/div>\r\n        <\/div>\r\n    <\/div>\r\n    <div class=\"container-fluid\">\r\n        <div class=\"row\">\r\n            <div class=\"col-md-6  \">\r\n                <figure class=\"big-figure-image rellax\" syle=\"background-image: url(https:\/\/www.woutim.be\/wp-content\/uploads\/2022\/12\/about-woutim-big.jpg);\" data-rellax-speed=\"2\" data-rellax-percentage=\"0.5\"><\/figure>\r\n            <\/div>\r\n        <\/div>\r\n    <\/div>\r\n<\/div>\r\n\r\n\r\n\r\n\t\t\t\t<\/div>\n\t\t\t\t<\/div>\n\t\t\t\t\t<\/div>\n\t\t<\/div>\n\t\t\t\t\t<\/div>\n\t\t<\/section>\n\t\t\t\t<section class=\"elementor-section elementor-top-section elementor-element elementor-element-f2b83fa elementor-section-boxed elementor-section-height-default elementor-section-height-default\" data-id=\"f2b83fa\" data-element_type=\"section\">\n\t\t\t\t\t\t<div class=\"elementor-container elementor-column-gap-default\">\n\t\t\t\t\t<div class=\"elementor-column elementor-col-100 elementor-top-column elementor-element elementor-element-52273e9\" data-id=\"52273e9\" data-element_type=\"column\">\n\t\t\t<div class=\"elementor-widget-wrap elementor-element-populated\">\n\t\t\t\t\t\t<div class=\"elementor-element elementor-element-24d6ec9 elementor-widget elementor-widget-ecostory\" data-id=\"24d6ec9\" data-element_type=\"widget\" data-widget_type=\"ecostory.default\">\n\t\t\t\t<div class=\"elementor-widget-container\">\n\t\t\t\t\t\r\n<!-- Start rendering the output -->\r\n<div class=\"container\">\r\n    <div class=\"row\">\r\n        <div class=\"col-md-6  \">\r\n            <div class=\"small-margin-desktop\"><\/div>\r\n            <h2>Niveau de durabilit\u00e9<\/h2>\r\n            <h3>Woutim r\u00e9alise le respect de l'environnement. Proposer des produits solides et durables va de pair avec notre histoire \u00e9cologique.\n<\/h3>\r\n            <a href=\"https:\/\/www.woutim.be\/fr\/total-interiors\/eco-histoire\/\" class=\"cta-arrow \">D\u00c9COUVREZ NOTRE \u00c9CO-HISTOIRE<\/a>\r\n        <\/div>\r\n        <div class=\"col-md-6  \">\r\n            <figure class=\"big-figure\" id=\"randImage\">\r\n                <img decoding=\"async\" src=\"https:\/\/www.woutim.be\/wp-content\/uploads\/2022\/12\/vrachtwagen-container-1.gif\" width=\"100%\">\r\n            <\/figure>\r\n        <\/div>\r\n    <\/div>\r\n<\/div>\r\n\r\n\t\t\t\t<\/div>\n\t\t\t\t<\/div>\n\t\t\t\t\t<\/div>\n\t\t<\/div>\n\t\t\t\t\t<\/div>\n\t\t<\/section>\n\t\t\t\t<\/div>\n\t\t","protected":false},"excerpt":{"rendered":"<p>R\u00e9alisations en Belgique et \u00e0 l&#8217;\u00e9tranger Belgique, Luxembourg, Pays-Bas, France, Pologne Mais avant tout Une entreprise belge fi\u00e8re &#8220;> &#8220;> &#8220;> 40 ans d&#8217;activit\u00e9 professionnelle polyvalente Woutim est actif depuis 40 ans. Au fil des ans, notre entreprise s&#8217;est d\u00e9velopp\u00e9e pour devenir une entreprise professionnelle polyvalente, \u00e0 l&#8217;aise dans toutes les disciplines de la peinture. [&hellip;]<\/p>\n","protected":false},"author":1,"featured_media":0,"parent":2659,"menu_order":0,"comment_status":"closed","ping_status":"closed","template":"total-interiors\/total-interiors-index-projects-template.php","meta":{"_acf_changed":false,"inline_featured_image":false,"footnotes":""},"class_list":["post-2633","page","type-page","status-publish","hentry"],"acf":[],"_links":{"self":[{"href":"https:\/\/www.woutim.be\/fr\/wp-json\/wp\/v2\/pages\/2633","targetHints":{"allow":["GET"]}}],"collection":[{"href":"https:\/\/www.woutim.be\/fr\/wp-json\/wp\/v2\/pages"}],"about":[{"href":"https:\/\/www.woutim.be\/fr\/wp-json\/wp\/v2\/types\/page"}],"author":[{"embeddable":true,"href":"https:\/\/www.woutim.be\/fr\/wp-json\/wp\/v2\/users\/1"}],"replies":[{"embeddable":true,"href":"https:\/\/www.woutim.be\/fr\/wp-json\/wp\/v2\/comments?post=2633"}],"version-history":[{"count":7,"href":"https:\/\/www.woutim.be\/fr\/wp-json\/wp\/v2\/pages\/2633\/revisions"}],"predecessor-version":[{"id":3046,"href":"https:\/\/www.woutim.be\/fr\/wp-json\/wp\/v2\/pages\/2633\/revisions\/3046"}],"up":[{"embeddable":true,"href":"https:\/\/www.woutim.be\/fr\/wp-json\/wp\/v2\/pages\/2659"}],"wp:attachment":[{"href":"https:\/\/www.woutim.be\/fr\/wp-json\/wp\/v2\/media?parent=2633"}],"curies":[{"name":"wp","href":"https:\/\/api.w.org\/{rel}","templated":true}]}}