{"id":2622,"date":"2022-12-25T07:38:10","date_gmt":"2022-12-25T07:38:10","guid":{"rendered":"https:\/\/www.woutim.be\/realisations-2\/"},"modified":"2023-04-08T12:49:43","modified_gmt":"2023-04-08T12:49:43","slug":"realisations","status":"publish","type":"page","link":"https:\/\/www.woutim.be\/fr\/travaux-de-peinture\/realisations\/","title":{"rendered":"r\u00e9alisations"},"content":{"rendered":"\t\t<div data-elementor-type=\"wp-page\" data-elementor-id=\"2622\" class=\"elementor elementor-2622 elementor-326\" data-elementor-post-type=\"page\">\n\t\t\t\t\t\t<section class=\"elementor-section elementor-top-section elementor-element elementor-element-7eaecd2 elementor-section-full_width elementor-section-stretched elementor-section-height-default elementor-section-height-default\" data-id=\"7eaecd2\" data-element_type=\"section\" data-settings=\"{&quot;stretch_section&quot;:&quot;section-stretched&quot;}\">\n\t\t\t\t\t\t<div class=\"elementor-container elementor-column-gap-default\">\n\t\t\t\t\t<div class=\"elementor-column elementor-col-100 elementor-top-column elementor-element elementor-element-25a39f8\" data-id=\"25a39f8\" data-element_type=\"column\">\n\t\t\t<div class=\"elementor-widget-wrap elementor-element-populated\">\n\t\t\t\t\t\t<div class=\"elementor-element elementor-element-c49aa9e elementor-widget elementor-widget-newsblog\" data-id=\"c49aa9e\" data-element_type=\"widget\" data-widget_type=\"newsblog.default\">\n\t\t\t\t<div class=\"elementor-widget-container\">\n\t\t\t\t\t\r\n\r\n\r\n\r\n<div class=\"padding\">\r\n    <div class=\"container-fluid\">\r\n        <div class=\"row justify-content-center\" style=\"text-align: center;\">\r\n            <div class=\"col-md-6 title-margin \">\r\n                <h2>Projets r\u00e9alis\u00e9s<\/h2>\r\n                <h3><\/h3>\r\n            <\/div>\r\n        <\/div>\r\n        <div class=\"row\">\r\n            \r\n            <div class=\"col-md-6 small-margin-top\">\r\n                <article class=\"\" style=\"background-image: linear-gradient(to top,rgba(0,0,0,.75) 0, rgba(0,0,0,0) 200px),url(https:\/\/www.woutim.be\/wp-content\/uploads\/2022\/12\/Indigo_Brussel-1.jpg);\">\r\n                                                            <a href=\"https:\/\/www.woutim.be\/fr\/indigo-bruxelles\/\" class=\"cta-arrow\">VIEW PROJECT<\/a>\r\n                <\/article>\r\n            <\/div>\r\n\r\n            \r\n            <div class=\"col-md-6 small-margin-top\">\r\n                <article class=\"\" style=\"background-image: linear-gradient(to top,rgba(0,0,0,.75) 0, rgba(0,0,0,0) 200px),url(https:\/\/www.woutim.be\/wp-content\/uploads\/2022\/12\/Centerparcs_Erperheide.jpg);\">\r\n                                                            <a href=\"https:\/\/www.woutim.be\/fr\/centerparcs-erperheide\/\" class=\"cta-arrow\">VIEW PROJECT<\/a>\r\n                <\/article>\r\n            <\/div>\r\n\r\n            \r\n            <div class=\"col-md-6 small-margin-top\">\r\n                <article class=\"\" style=\"background-image: linear-gradient(to top,rgba(0,0,0,.75) 0, rgba(0,0,0,0) 200px),url(https:\/\/www.woutim.be\/wp-content\/uploads\/2022\/12\/Centerparcs_het-heijderbos.jpg);\">\r\n                                                            <a href=\"https:\/\/www.woutim.be\/fr\/centerparcs-heijderbos\/\" class=\"cta-arrow\">VIEW PROJECT<\/a>\r\n                <\/article>\r\n            <\/div>\r\n\r\n            \r\n            <div class=\"col-md-6 small-margin-top\">\r\n                <article class=\"\" style=\"background-image: linear-gradient(to top,rgba(0,0,0,.75) 0, rgba(0,0,0,0) 200px),url(https:\/\/www.woutim.be\/wp-content\/uploads\/2022\/12\/Centerparcs_De_Vossemeren.jpg);\">\r\n                                                            <a href=\"https:\/\/www.woutim.be\/fr\/centerparcs-de-vossemeren\/\" class=\"cta-arrow\">VIEW PROJECT<\/a>\r\n                <\/article>\r\n            <\/div>\r\n\r\n            \r\n            <div class=\"col-md-6 small-margin-top\">\r\n                <article class=\"\" style=\"background-image: linear-gradient(to top,rgba(0,0,0,.75) 0, rgba(0,0,0,0) 200px),url(https:\/\/www.woutim.be\/wp-content\/uploads\/2022\/12\/Centerparcs_De_Haan.jpg);\">\r\n                                                            <a href=\"https:\/\/www.woutim.be\/fr\/centerparcs-de-haan\/\" class=\"cta-arrow\">VIEW PROJECT<\/a>\r\n                <\/article>\r\n            <\/div>\r\n\r\n            \r\n            <div class=\"col-md-6 small-margin-top\">\r\n                <article class=\"\" style=\"background-image: linear-gradient(to top,rgba(0,0,0,.75) 0, rgba(0,0,0,0) 200px),url(https:\/\/www.woutim.be\/wp-content\/uploads\/2022\/12\/ghelamco-3-1.jpg);\">\r\n                                                            <a href=\"https:\/\/www.woutim.be\/fr\/ghelamco-arena\/\" class=\"cta-arrow\">VIEW PROJECT<\/a>\r\n                <\/article>\r\n            <\/div>\r\n\r\n            \r\n            <div class=\"col-md-6 small-margin-top\">\r\n                <article class=\"\" style=\"background-image: linear-gradient(to top,rgba(0,0,0,.75) 0, rgba(0,0,0,0) 200px),url(https:\/\/www.woutim.be\/wp-content\/uploads\/2022\/12\/crowne-plaza-cover.jpg);\">\r\n                                                            <a href=\"https:\/\/www.woutim.be\/fr\/crown-plaza\/\" class=\"cta-arrow\">VIEW PROJECT<\/a>\r\n                <\/article>\r\n            <\/div>\r\n\r\n            \r\n            <div class=\"col-md-6 small-margin-top\">\r\n                <article class=\"\" style=\"background-image: linear-gradient(to top,rgba(0,0,0,.75) 0, rgba(0,0,0,0) 200px),url(https:\/\/www.woutim.be\/wp-content\/uploads\/2022\/12\/cloche-cover.jpg);\">\r\n                                                            <a href=\"https:\/\/www.woutim.be\/fr\/luxembourg\/\" class=\"cta-arrow\">VIEW PROJECT<\/a>\r\n                <\/article>\r\n            <\/div>\r\n\r\n            \r\n            <div class=\"col-md-6 small-margin-top\">\r\n                <article class=\"\" style=\"background-image: linear-gradient(to top,rgba(0,0,0,.75) 0, rgba(0,0,0,0) 200px),url(https:\/\/www.woutim.be\/wp-content\/uploads\/2022\/12\/meetdistrict-1.jpg);\">\r\n                                                            <a href=\"https:\/\/www.woutim.be\/fr\/gand\/\" class=\"cta-arrow\">VIEW PROJECT<\/a>\r\n                <\/article>\r\n            <\/div>\r\n\r\n            \r\n            <div class=\"col-md-6 small-margin-top\">\r\n                <article class=\"\" style=\"background-image: linear-gradient(to top,rgba(0,0,0,.75) 0, rgba(0,0,0,0) 200px),url(https:\/\/www.woutim.be\/wp-content\/uploads\/2022\/12\/parking-brugge-hero-1.jpg);\">\r\n                                                            <a href=\"https:\/\/www.woutim.be\/fr\/bruges\/\" class=\"cta-arrow\">VIEW PROJECT<\/a>\r\n                <\/article>\r\n            <\/div>\r\n\r\n            \r\n\r\n\r\n\r\n\r\n        <\/div>\r\n    <\/div>\r\n<\/div>\r\n\r\n\r\n\r\n\r\n\r\n\r\n\r\n\r\n\r\n\t\t\t\t<\/div>\n\t\t\t\t<\/div>\n\t\t\t\t\t<\/div>\n\t\t<\/div>\n\t\t\t\t\t<\/div>\n\t\t<\/section>\n\t\t\t\t<section class=\"elementor-section elementor-top-section elementor-element elementor-element-4253704 elementor-section-boxed elementor-section-height-default elementor-section-height-default\" data-id=\"4253704\" data-element_type=\"section\">\n\t\t\t\t\t\t<div class=\"elementor-container elementor-column-gap-default\">\n\t\t\t\t\t<div class=\"elementor-column elementor-col-100 elementor-top-column elementor-element elementor-element-5934d2d\" data-id=\"5934d2d\" data-element_type=\"column\">\n\t\t\t<div class=\"elementor-widget-wrap elementor-element-populated\">\n\t\t\t\t\t\t<div class=\"elementor-element elementor-element-4890f32 elementor-widget elementor-widget-ecostory\" data-id=\"4890f32\" data-element_type=\"widget\" data-widget_type=\"ecostory.default\">\n\t\t\t\t<div class=\"elementor-widget-container\">\n\t\t\t\t\t\r\n<!-- Start rendering the output -->\r\n<div class=\"container\">\r\n    <div class=\"row\">\r\n        <div class=\"col-md-6  \">\r\n            <div class=\"small-margin-desktop\"><\/div>\r\n            <h2>Niveau de durabilit\u00e9<\/h2>\r\n            <h3>Woutim r\u00e9alise le respect de l'environnement. Proposer des produits solides et durables va de pair avec notre histoire \u00e9cologique.<\/h3>\r\n            <a href=\"https:\/\/www.woutim.be\/fr\/travaux-de-peinture\/histoire-de-leco\/\" class=\"cta-arrow black  \">D\u00c9COUVREZ NOTRE \u00c9CO-HISTOIRE<\/a>\r\n        <\/div>\r\n        <div class=\"col-md-6  \">\r\n            <figure class=\"big-figure\" id=\"randImage\">\r\n                <img decoding=\"async\" src=\"https:\/\/www.woutim.be\/wp-content\/uploads\/2022\/12\/vrachtwagen-container-white.gif\" width=\"100%\">\r\n            <\/figure>\r\n        <\/div>\r\n    <\/div>\r\n<\/div>\r\n\r\n\t\t\t\t<\/div>\n\t\t\t\t<\/div>\n\t\t\t\t\t<\/div>\n\t\t<\/div>\n\t\t\t\t\t<\/div>\n\t\t<\/section>\n\t\t\t\t<\/div>\n\t\t","protected":false},"excerpt":{"rendered":"<p>Projets r\u00e9alis\u00e9s VIEW PROJECT VIEW PROJECT VIEW PROJECT VIEW PROJECT VIEW PROJECT VIEW PROJECT VIEW PROJECT VIEW PROJECT VIEW PROJECT VIEW PROJECT VIEW PROJECT Niveau de durabilit\u00e9 Woutim r\u00e9alise le respect de l&#8217;environnement. Proposer des produits solides et durables va de pair avec notre histoire \u00e9cologique. D\u00c9COUVREZ NOTRE \u00c9CO-HISTOIRE<\/p>\n","protected":false},"author":1,"featured_media":0,"parent":2670,"menu_order":0,"comment_status":"closed","ping_status":"closed","template":"paintworks\/projects-template.php","meta":{"_acf_changed":false,"inline_featured_image":false,"footnotes":""},"class_list":["post-2622","page","type-page","status-publish","hentry"],"acf":[],"_links":{"self":[{"href":"https:\/\/www.woutim.be\/fr\/wp-json\/wp\/v2\/pages\/2622","targetHints":{"allow":["GET"]}}],"collection":[{"href":"https:\/\/www.woutim.be\/fr\/wp-json\/wp\/v2\/pages"}],"about":[{"href":"https:\/\/www.woutim.be\/fr\/wp-json\/wp\/v2\/types\/page"}],"author":[{"embeddable":true,"href":"https:\/\/www.woutim.be\/fr\/wp-json\/wp\/v2\/users\/1"}],"replies":[{"embeddable":true,"href":"https:\/\/www.woutim.be\/fr\/wp-json\/wp\/v2\/comments?post=2622"}],"version-history":[{"count":6,"href":"https:\/\/www.woutim.be\/fr\/wp-json\/wp\/v2\/pages\/2622\/revisions"}],"predecessor-version":[{"id":2817,"href":"https:\/\/www.woutim.be\/fr\/wp-json\/wp\/v2\/pages\/2622\/revisions\/2817"}],"up":[{"embeddable":true,"href":"https:\/\/www.woutim.be\/fr\/wp-json\/wp\/v2\/pages\/2670"}],"wp:attachment":[{"href":"https:\/\/www.woutim.be\/fr\/wp-json\/wp\/v2\/media?parent=2622"}],"curies":[{"name":"wp","href":"https:\/\/api.w.org\/{rel}","templated":true}]}}