{"id":2582,"date":"2022-12-25T18:46:50","date_gmt":"2022-12-25T18:46:50","guid":{"rendered":"https:\/\/www.woutim.be\/realisations\/"},"modified":"2023-04-08T14:55:33","modified_gmt":"2023-04-08T14:55:33","slug":"realisations","status":"publish","type":"page","link":"https:\/\/www.woutim.be\/fr\/total-interiors\/realisations\/","title":{"rendered":"r\u00e9alisations"},"content":{"rendered":"\t\t<div data-elementor-type=\"wp-page\" data-elementor-id=\"2582\" class=\"elementor elementor-2582 elementor-747\" data-elementor-post-type=\"page\">\n\t\t\t\t\t\t<section class=\"elementor-section elementor-top-section elementor-element elementor-element-6c4a60a elementor-section-full_width elementor-section-stretched elementor-section-height-default elementor-section-height-default\" data-id=\"6c4a60a\" data-element_type=\"section\" data-settings=\"{&quot;stretch_section&quot;:&quot;section-stretched&quot;}\">\n\t\t\t\t\t\t<div class=\"elementor-container elementor-column-gap-default\">\n\t\t\t\t\t<div class=\"elementor-column elementor-col-100 elementor-top-column elementor-element elementor-element-9020e31\" data-id=\"9020e31\" data-element_type=\"column\">\n\t\t\t<div class=\"elementor-widget-wrap elementor-element-populated\">\n\t\t\t\t\t\t<div class=\"elementor-element elementor-element-799525e elementor-widget elementor-widget-newsblog\" data-id=\"799525e\" data-element_type=\"widget\" data-widget_type=\"newsblog.default\">\n\t\t\t\t<div class=\"elementor-widget-container\">\n\t\t\t\t\t\r\n\r\n\r\n\r\n<div class=\"padding\">\r\n    <div class=\"container-fluid\">\r\n        <div class=\"row justify-content-center\" style=\"text-align: center;\">\r\n            <div class=\"col-md-6 title-margin \">\r\n                <h2>Projets r\u00e9alis\u00e9s<\/h2>\r\n                <h3><\/h3>\r\n            <\/div>\r\n        <\/div>\r\n        <div class=\"row\">\r\n            \r\n            <div class=\"col-md-6 small-margin-top\">\r\n                <article class=\"\" style=\"background-image: linear-gradient(to top,rgba(0,0,0,.75) 0, rgba(0,0,0,0) 200px),url(https:\/\/www.woutim.be\/wp-content\/uploads\/2022\/12\/brandweer-hasselt-cover-2.jpg);\">\r\n                                                            <a href=\"https:\/\/www.woutim.be\/fr\/service-dincendie-de-hasselt\/\" class=\"cta-arrow\">VIEW PROJECT<\/a>\r\n                <\/article>\r\n            <\/div>\r\n\r\n            \r\n            <div class=\"col-md-6 small-margin-top\">\r\n                <article class=\"\" style=\"background-image: linear-gradient(to top,rgba(0,0,0,.75) 0, rgba(0,0,0,0) 200px),url(https:\/\/www.woutim.be\/wp-content\/uploads\/2022\/12\/rsca-cover.jpg);\">\r\n                                                            <a href=\"https:\/\/www.woutim.be\/fr\/rsc-anderlecht\/\" class=\"cta-arrow\">VIEW PROJECT<\/a>\r\n                <\/article>\r\n            <\/div>\r\n\r\n            \r\n            <div class=\"col-md-6 small-margin-top\">\r\n                <article class=\"\" style=\"background-image: linear-gradient(to top,rgba(0,0,0,.75) 0, rgba(0,0,0,0) 200px),url(https:\/\/www.woutim.be\/wp-content\/uploads\/2022\/12\/indigo-cover.jpg);\">\r\n                                                            <a href=\"https:\/\/www.woutim.be\/fr\/hotel-indigo\/\" class=\"cta-arrow\">VIEW PROJECT<\/a>\r\n                <\/article>\r\n            <\/div>\r\n\r\n            \r\n            <div class=\"col-md-6 small-margin-top\">\r\n                <article class=\"\" style=\"background-image: linear-gradient(to top,rgba(0,0,0,.75) 0, rgba(0,0,0,0) 200px),url(https:\/\/www.woutim.be\/wp-content\/uploads\/2022\/12\/centerparks-cover.jpg);\">\r\n                                                            <a href=\"https:\/\/www.woutim.be\/fr\/centre-parcs\/\" class=\"cta-arrow\">VIEW PROJECT<\/a>\r\n                <\/article>\r\n            <\/div>\r\n\r\n            \r\n            <div class=\"col-md-6 small-margin-top\">\r\n                <article class=\"\" style=\"background-image: linear-gradient(to top,rgba(0,0,0,.75) 0, rgba(0,0,0,0) 200px),url(https:\/\/www.woutim.be\/wp-content\/uploads\/2022\/12\/peugeot-citroen-hero.jpg);\">\r\n                                                            <a href=\"https:\/\/www.woutim.be\/fr\/peugeot-citroen\/\" class=\"cta-arrow\">VIEW PROJECT<\/a>\r\n                <\/article>\r\n            <\/div>\r\n\r\n            \r\n\r\n\r\n\r\n\r\n        <\/div>\r\n    <\/div>\r\n<\/div>\r\n\r\n\r\n\r\n\r\n\r\n\r\n\r\n\r\n\r\n\t\t\t\t<\/div>\n\t\t\t\t<\/div>\n\t\t\t\t\t<\/div>\n\t\t<\/div>\n\t\t\t\t\t<\/div>\n\t\t<\/section>\n\t\t\t\t<section class=\"elementor-section elementor-top-section elementor-element elementor-element-4af0b98 elementor-section-boxed elementor-section-height-default elementor-section-height-default\" data-id=\"4af0b98\" data-element_type=\"section\">\n\t\t\t\t\t\t<div class=\"elementor-container elementor-column-gap-default\">\n\t\t\t\t\t<div class=\"elementor-column elementor-col-100 elementor-top-column elementor-element elementor-element-4b65539\" data-id=\"4b65539\" data-element_type=\"column\">\n\t\t\t<div class=\"elementor-widget-wrap elementor-element-populated\">\n\t\t\t\t\t\t<div class=\"elementor-element elementor-element-62e37e5 elementor-widget elementor-widget-ecostory\" data-id=\"62e37e5\" data-element_type=\"widget\" data-widget_type=\"ecostory.default\">\n\t\t\t\t<div class=\"elementor-widget-container\">\n\t\t\t\t\t\r\n<!-- Start rendering the output -->\r\n<div class=\"container\">\r\n    <div class=\"row\">\r\n        <div class=\"col-md-6  \">\r\n            <div class=\"small-margin-desktop\"><\/div>\r\n            <h2>Niveau de durabilit\u00e9<\/h2>\r\n            <h3>Woutim r\u00e9alise le respect de l'environnement. Proposer des produits solides et durables va de pair avec notre histoire \u00e9cologique.\n<\/h3>\r\n            <a href=\"https:\/\/www.woutim.be\/fr\/total-interiors\/eco-histoire\/\" class=\"cta-arrow \">D\u00c9COUVREZ NOTRE \u00c9CO-HISTOIRE<\/a>\r\n        <\/div>\r\n        <div class=\"col-md-6  \">\r\n            <figure class=\"big-figure\" id=\"randImage\">\r\n                <img decoding=\"async\" src=\"https:\/\/www.woutim.be\/wp-content\/uploads\/2022\/12\/vrachtwagen-container.gif\" width=\"100%\">\r\n            <\/figure>\r\n        <\/div>\r\n    <\/div>\r\n<\/div>\r\n\r\n\t\t\t\t<\/div>\n\t\t\t\t<\/div>\n\t\t\t\t\t<\/div>\n\t\t<\/div>\n\t\t\t\t\t<\/div>\n\t\t<\/section>\n\t\t\t\t<\/div>\n\t\t","protected":false},"excerpt":{"rendered":"<p>Projets r\u00e9alis\u00e9s VIEW PROJECT VIEW PROJECT VIEW PROJECT VIEW PROJECT VIEW PROJECT Niveau de durabilit\u00e9 Woutim r\u00e9alise le respect de l&#8217;environnement. Proposer des produits solides et durables va de pair avec notre histoire \u00e9cologique. D\u00c9COUVREZ NOTRE \u00c9CO-HISTOIRE<\/p>\n","protected":false},"author":1,"featured_media":0,"parent":2659,"menu_order":0,"comment_status":"closed","ping_status":"closed","template":"total-interiors\/total-interiors-index-projects-template.php","meta":{"_acf_changed":false,"inline_featured_image":false,"footnotes":""},"class_list":["post-2582","page","type-page","status-publish","hentry"],"acf":[],"_links":{"self":[{"href":"https:\/\/www.woutim.be\/fr\/wp-json\/wp\/v2\/pages\/2582","targetHints":{"allow":["GET"]}}],"collection":[{"href":"https:\/\/www.woutim.be\/fr\/wp-json\/wp\/v2\/pages"}],"about":[{"href":"https:\/\/www.woutim.be\/fr\/wp-json\/wp\/v2\/types\/page"}],"author":[{"embeddable":true,"href":"https:\/\/www.woutim.be\/fr\/wp-json\/wp\/v2\/users\/1"}],"replies":[{"embeddable":true,"href":"https:\/\/www.woutim.be\/fr\/wp-json\/wp\/v2\/comments?post=2582"}],"version-history":[{"count":5,"href":"https:\/\/www.woutim.be\/fr\/wp-json\/wp\/v2\/pages\/2582\/revisions"}],"predecessor-version":[{"id":3077,"href":"https:\/\/www.woutim.be\/fr\/wp-json\/wp\/v2\/pages\/2582\/revisions\/3077"}],"up":[{"embeddable":true,"href":"https:\/\/www.woutim.be\/fr\/wp-json\/wp\/v2\/pages\/2659"}],"wp:attachment":[{"href":"https:\/\/www.woutim.be\/fr\/wp-json\/wp\/v2\/media?parent=2582"}],"curies":[{"name":"wp","href":"https:\/\/api.w.org\/{rel}","templated":true}]}}