{"id":2520,"date":"2022-12-27T11:04:26","date_gmt":"2022-12-27T11:04:26","guid":{"rendered":"https:\/\/www.woutim.be\/contacter\/"},"modified":"2023-04-08T14:31:41","modified_gmt":"2023-04-08T14:31:41","slug":"contacter","status":"publish","type":"page","link":"https:\/\/www.woutim.be\/fr\/total-interiors\/contacter\/","title":{"rendered":"contacter"},"content":{"rendered":"\t\t<div data-elementor-type=\"wp-page\" data-elementor-id=\"2520\" class=\"elementor elementor-2520 elementor-1237\" data-elementor-post-type=\"page\">\n\t\t\t\t\t\t<section class=\"elementor-section elementor-top-section elementor-element elementor-element-d72659e elementor-section-boxed elementor-section-height-default elementor-section-height-default\" data-id=\"d72659e\" data-element_type=\"section\">\n\t\t\t\t\t\t<div class=\"elementor-container elementor-column-gap-default\">\n\t\t\t\t\t<div class=\"elementor-column elementor-col-100 elementor-top-column elementor-element elementor-element-1f1fa24\" data-id=\"1f1fa24\" data-element_type=\"column\">\n\t\t\t<div class=\"elementor-widget-wrap elementor-element-populated\">\n\t\t\t\t\t\t<div class=\"elementor-element elementor-element-7e4c20c elementor-widget elementor-widget-emailphone\" data-id=\"7e4c20c\" data-element_type=\"widget\" data-widget_type=\"emailphone.default\">\n\t\t\t\t<div class=\"elementor-widget-container\">\n\t\t\t\t\t\r\n<div class=\"padding\">\r\n    <div class=\"container\">\r\n        <div class=\"row\" style=\"text-align: center;\">\r\n            <div class=\"col-md-6  \">\r\n                <h2>Mail<\/h2>\r\n                <a href=\"mailto:Info@woutim.be\">\r\n                    <h3>Info@woutim.be<\/h3>\r\n                <\/a>\r\n                <div class=\"line-black\"><\/div>\r\n            <\/div>\r\n            <div class=\"col-md-6 margin-top-phone  \">\r\n                <h2>Tel<\/h2>\r\n                <a href=\"tel:+32 (0)11 61 08 08\">\r\n                    <h3>+32 (0)11 61 08 08<\/h3>\r\n                <\/a>\r\n                <div class=\"line-black\"><\/div>\r\n            <\/div>\r\n        <\/div>\r\n    <\/div>\r\n<\/div>\r\n\r\n\r\n\r\n\t\t\t\t<\/div>\n\t\t\t\t<\/div>\n\t\t\t\t\t<\/div>\n\t\t<\/div>\n\t\t\t\t\t<\/div>\n\t\t<\/section>\n\t\t\t\t<section class=\"elementor-section elementor-top-section elementor-element elementor-element-2cbb6f2 elementor-section-boxed elementor-section-height-default elementor-section-height-default\" data-id=\"2cbb6f2\" data-element_type=\"section\">\n\t\t\t\t\t\t<div class=\"elementor-container elementor-column-gap-default\">\n\t\t\t\t\t<div class=\"elementor-column elementor-col-100 elementor-top-column elementor-element elementor-element-d052af0\" data-id=\"d052af0\" data-element_type=\"column\">\n\t\t\t<div class=\"elementor-widget-wrap elementor-element-populated\">\n\t\t\t\t\t\t<div class=\"elementor-element elementor-element-02e0f61 elementor-widget elementor-widget-contuctform\" data-id=\"02e0f61\" data-element_type=\"widget\" data-widget_type=\"contuctform.default\">\n\t\t\t\t<div class=\"elementor-widget-container\">\n\t\t\t\t\t\r\n<div class=\"container\">\r\n    <div class=\"row justify-content-center\" style=\"text-align: center;\">\r\n        <div class=\"col-md-6 title-margin  \">\r\n            <h3 class=\" \">Sur quelles donn\u00e9es pouvons-nous vous joindre?<\/h3>\r\n        <\/div>\r\n    <\/div>\r\n    <div class=\"row justify-content-center\">\r\n        <div class=\"col-md-10  \">\r\n            \n<div class=\"wpcf7 no-js\" id=\"wpcf7-f2652-o1\" lang=\"fr-FR\" dir=\"ltr\" data-wpcf7-id=\"2652\">\n<div class=\"screen-reader-response\"><p role=\"status\" aria-live=\"polite\" aria-atomic=\"true\"><\/p> <ul><\/ul><\/div>\n<form action=\"\/fr\/wp-json\/wp\/v2\/pages\/2520#wpcf7-f2652-o1\" method=\"post\" class=\"wpcf7-form init\" aria-label=\"Formulaire de contact\" novalidate=\"novalidate\" data-status=\"init\">\n<fieldset class=\"hidden-fields-container\"><input type=\"hidden\" name=\"_wpcf7\" value=\"2652\" \/><input type=\"hidden\" name=\"_wpcf7_version\" value=\"6.1\" \/><input type=\"hidden\" name=\"_wpcf7_locale\" value=\"fr_FR\" \/><input type=\"hidden\" name=\"_wpcf7_unit_tag\" value=\"wpcf7-f2652-o1\" \/><input type=\"hidden\" name=\"_wpcf7_container_post\" value=\"0\" \/><input type=\"hidden\" name=\"_wpcf7_posted_data_hash\" value=\"\" \/>\n<\/fieldset>\n<div class=\"row\">\n\t<div class=\"col-md-6\">\n\t\t<p><label for=\"name\" class=\" \"> <\/label>\n\t\t<\/p>\n\t\t<h2>Nom*\n\t\t<\/h2>\n\t\t<p><span class=\"wpcf7-form-control-wrap\" data-name=\"Uwnaam\"><input size=\"40\" maxlength=\"400\" class=\"wpcf7-form-control wpcf7-text wpcf7-validates-as-required\" id=\"name\" aria-required=\"true\" aria-invalid=\"false\" placeholder=\"Votre nom\" value=\"\" type=\"text\" name=\"Uwnaam\" \/><\/span>\n\t\t<\/p>\n\t<\/div>\n\t<div class=\"col-md-6 small-margin-top-phone\">\n\t\t<p><label for=\"mail\" class=\" \"> <\/label>\n\t\t<\/p>\n\t\t<h2>Courriel*\n\t\t<\/h2>\n\t\t<p><span class=\"wpcf7-form-control-wrap\" data-name=\"Uwe-mailadres\"><input size=\"40\" maxlength=\"400\" class=\"wpcf7-form-control wpcf7-email wpcf7-validates-as-required wpcf7-text wpcf7-validates-as-email\" id=\"mail\" aria-required=\"true\" aria-invalid=\"false\" placeholder=\"Votre adresse \u00e9lectronique\" value=\"\" type=\"email\" name=\"Uwe-mailadres\" \/><\/span>\n\t\t<\/p>\n\t<\/div>\n<\/div>\n<div class=\"row small-margin-top\">\n\t<div class=\"col-md-6\">\n\t\t<p><label for=\"tel\" class=\" \"> <\/label>\n\t\t<\/p>\n\t\t<h2>Num\u00e9ro de t\u00e9l\u00e9phone\n\t\t<\/h2>\n\t\t<p><span class=\"wpcf7-form-control-wrap\" data-name=\"telefoonnummer\"><input size=\"40\" maxlength=\"400\" class=\"wpcf7-form-control wpcf7-text wpcf7-validates-as-required\" id=\"tel\" aria-required=\"true\" aria-invalid=\"false\" placeholder=\"Votre num\u00e9ro de t\u00e9l\u00e9phone\" value=\"\" type=\"text\" name=\"telefoonnummer\" \/><\/span>\n\t\t<\/p>\n\t<\/div>\n\t<div class=\"col-md-6 small-margin-top-phone\">\n\t\t<p><label for=\"company\" class=\" \"> <\/label>\n\t\t<\/p>\n\t\t<h2>Entreprise\n\t\t<\/h2>\n\t\t<p><span class=\"wpcf7-form-control-wrap\" data-name=\"Bedrijfsnaam\"><input size=\"40\" maxlength=\"400\" class=\"wpcf7-form-control wpcf7-text\" id=\"company\" aria-invalid=\"false\" placeholder=\"Nom de l&#039;entreprise\" value=\"\" type=\"text\" name=\"Bedrijfsnaam\" \/><\/span>\n\t\t<\/p>\n\t<\/div>\n<\/div>\n<div class=\"row small-margin-top\">\n\t<div class=\"col-md-12\">\n\t\t<p><label for=\"message\" class=\" \"> <\/label>\n\t\t<\/p>\n\t\t<h2>Communication*\n\t\t<\/h2>\n\t\t<p><span class=\"wpcf7-form-control-wrap\" data-name=\"message\"><textarea cols=\"40\" rows=\"10\" maxlength=\"2000\" class=\"wpcf7-form-control wpcf7-textarea wpcf7-validates-as-required\" id=\"message\" aria-required=\"true\" aria-invalid=\"false\" placeholder=\"R\u00e9digez votre communication ici\" name=\"message\"><\/textarea><\/span>\n\t\t<\/p>\n\t<\/div>\n<\/div>\n<div class=\"col-md-12 clickable-maken\" style=\"margin-top: 20px;\">\n\t<p><span class=\"wpcf7-form-control-wrap\" data-name=\"botchecker\"><span class=\"wpcf7-form-control wpcf7-checkbox wpcf7-validates-as-required botchecker-text hidden-later\"><span class=\"wpcf7-list-item first last\"><label><input type=\"checkbox\" name=\"botchecker[]\" value=\"En envoyant votre candidature, vous consentez au traitement de vos donn\u00e9es. Nous attachons une grande importance \u00e0 votre vie priv\u00e9e.\" \/><span class=\"wpcf7-list-item-label\">En envoyant votre candidature, vous consentez au traitement de vos donn\u00e9es. Nous attachons une grande importance \u00e0 votre vie priv\u00e9e.<\/span><\/label><\/span><\/span><\/span>\n\t<\/p>\n<\/div>\n<div style=\"text-align: center;\" class=\"hidden\">\n\t<p><input class=\"wpcf7-form-control wpcf7-submit has-spinner cta-border-black-mail\" type=\"submit\" value=\"S&#039;abonner \u00e0\" \/>\n\t<\/p>\n<\/div><div class=\"wpcf7-response-output\" aria-hidden=\"true\"><\/div>\n<\/form>\n<\/div>\n        <\/div>\r\n    <\/div>\r\n<\/div>\r\n\r\n\r\n\t\t\t\t<\/div>\n\t\t\t\t<\/div>\n\t\t\t\t\t<\/div>\n\t\t<\/div>\n\t\t\t\t\t<\/div>\n\t\t<\/section>\n\t\t\t\t<section class=\"elementor-section elementor-top-section elementor-element elementor-element-e17f86a elementor-section-full_width elementor-section-stretched elementor-section-height-default elementor-section-height-default\" data-id=\"e17f86a\" data-element_type=\"section\" data-settings=\"{&quot;stretch_section&quot;:&quot;section-stretched&quot;}\">\n\t\t\t\t\t\t<div class=\"elementor-container elementor-column-gap-default\">\n\t\t\t\t\t<div class=\"elementor-column elementor-col-100 elementor-top-column elementor-element elementor-element-176f681\" data-id=\"176f681\" data-element_type=\"column\">\n\t\t\t<div class=\"elementor-widget-wrap elementor-element-populated\">\n\t\t\t\t\t\t<div class=\"elementor-element elementor-element-a92495c elementor-widget elementor-widget-googlemap\" data-id=\"a92495c\" data-element_type=\"widget\" data-widget_type=\"googlemap.default\">\n\t\t\t\t<div class=\"elementor-widget-container\">\n\t\t\t\t\t\r\n<div class=\"padding\" style=\"padding-bottom: 0;\">\r\n    <div class=\"container-fluid\">\r\n        <div class=\"row justify-content-center\" style=\"text-align: center;\">\r\n            <div class=\"col-md-6 title-margin  \">\r\n                <h2 class=\" \">Localisation<\/h2>\r\n                <h3 class=\" \">Nijverheidsstraat 7, 3990 Peer Industrieterrein Bokt<\/h3>\r\n            <\/div>\r\n        <\/div>\r\n        <div class=\"row\">\r\n            <div class=\"col-md-12  \">\r\n                <iframe src=\"https:\/\/www.google.com\/maps\/embed?pb=!1m18!1m12!1m3!1d2503.3544026772297!2d5.444993751559674!3d51.138815379475986!2m3!1f0!2f0!3f0!3m2!1i1024!2i768!4f13.1!3m3!1m2!1s0x47c12a211e772bf7%3A0xd0a2af674ab8b942!2sWoutim%20Schildersbedrijf!5e0!3m2!1snl!2sbe!4v1589972512049!5m2!1snl!2sbe\" frameborder=\"0\" style=\"border:0;\" allowfullscreen=\"\" aria-=\"false\" tabindex=\"0\" class=\"google-map\"><\/iframe>            <\/div>\r\n        <\/div>\r\n    <\/div>\r\n<\/div>\r\n\r\n\t\t\t\t<\/div>\n\t\t\t\t<\/div>\n\t\t\t\t\t<\/div>\n\t\t<\/div>\n\t\t\t\t\t<\/div>\n\t\t<\/section>\n\t\t\t\t<section class=\"elementor-section elementor-top-section elementor-element elementor-element-27b490c elementor-section-boxed elementor-section-height-default elementor-section-height-default\" data-id=\"27b490c\" data-element_type=\"section\">\n\t\t\t\t\t\t<div class=\"elementor-container elementor-column-gap-default\">\n\t\t\t\t\t<div class=\"elementor-column elementor-col-100 elementor-top-column elementor-element elementor-element-9c3b558\" data-id=\"9c3b558\" data-element_type=\"column\">\n\t\t\t<div class=\"elementor-widget-wrap elementor-element-populated\">\n\t\t\t\t\t\t<div class=\"elementor-element elementor-element-3daa75b elementor-widget elementor-widget-heading\" data-id=\"3daa75b\" data-element_type=\"widget\" data-widget_type=\"heading.default\">\n\t\t\t\t<div class=\"elementor-widget-container\">\n\t\t\t\t\t<h2 class=\"elementor-heading-title elementor-size-default\">Nouvelles techniques respectueuses de l'environnement<\/h2>\t\t\t\t<\/div>\n\t\t\t\t<\/div>\n\t\t\t\t<div class=\"elementor-element elementor-element-b8723a3 elementor-widget elementor-widget-heading\" data-id=\"b8723a3\" data-element_type=\"widget\" data-widget_type=\"heading.default\">\n\t\t\t\t<div class=\"elementor-widget-container\">\n\t\t\t\t\t<h3 class=\"elementor-heading-title elementor-size-default\">Woutim travaille constamment sur de nouvelles techniques respectueuses de l'environnement et recherche des mati\u00e8res premi\u00e8res \u00e9cologiquement responsables afin de contribuer \u00e0 un meilleur environnement de vie.<\/h3>\t\t\t\t<\/div>\n\t\t\t\t<\/div>\n\t\t\t\t\t<\/div>\n\t\t<\/div>\n\t\t\t\t\t<\/div>\n\t\t<\/section>\n\t\t\t\t<\/div>\n\t\t","protected":false},"excerpt":{"rendered":"<p>Mail Info@woutim.be Tel +32 (0)11 61 08 08 Sur quelles donn\u00e9es pouvons-nous vous joindre? Localisation Nijverheidsstraat 7, 3990 Peer Industrieterrein Bokt Nouvelles techniques respectueuses de l&#8217;environnement Woutim travaille constamment sur de nouvelles techniques respectueuses de l&#8217;environnement et recherche des mati\u00e8res premi\u00e8res \u00e9cologiquement responsables afin de contribuer \u00e0 un meilleur environnement de vie.<\/p>\n","protected":false},"author":1,"featured_media":0,"parent":2659,"menu_order":0,"comment_status":"closed","ping_status":"closed","template":"total-interiors\/total-interiors-index-projects-template.php","meta":{"_acf_changed":false,"inline_featured_image":false,"footnotes":""},"class_list":["post-2520","page","type-page","status-publish","hentry"],"acf":[],"_links":{"self":[{"href":"https:\/\/www.woutim.be\/fr\/wp-json\/wp\/v2\/pages\/2520","targetHints":{"allow":["GET"]}}],"collection":[{"href":"https:\/\/www.woutim.be\/fr\/wp-json\/wp\/v2\/pages"}],"about":[{"href":"https:\/\/www.woutim.be\/fr\/wp-json\/wp\/v2\/types\/page"}],"author":[{"embeddable":true,"href":"https:\/\/www.woutim.be\/fr\/wp-json\/wp\/v2\/users\/1"}],"replies":[{"embeddable":true,"href":"https:\/\/www.woutim.be\/fr\/wp-json\/wp\/v2\/comments?post=2520"}],"version-history":[{"count":5,"href":"https:\/\/www.woutim.be\/fr\/wp-json\/wp\/v2\/pages\/2520\/revisions"}],"predecessor-version":[{"id":3033,"href":"https:\/\/www.woutim.be\/fr\/wp-json\/wp\/v2\/pages\/2520\/revisions\/3033"}],"up":[{"embeddable":true,"href":"https:\/\/www.woutim.be\/fr\/wp-json\/wp\/v2\/pages\/2659"}],"wp:attachment":[{"href":"https:\/\/www.woutim.be\/fr\/wp-json\/wp\/v2\/media?parent=2520"}],"curies":[{"name":"wp","href":"https:\/\/api.w.org\/{rel}","templated":true}]}}