{"id":2506,"date":"2022-12-25T16:31:22","date_gmt":"2022-12-25T16:31:22","guid":{"rendered":"https:\/\/www.woutim.be\/au-dela-de-la-lune\/"},"modified":"2023-01-02T21:19:47","modified_gmt":"2023-01-02T21:19:47","slug":"au-dela-de-la-lune","status":"publish","type":"page","link":"https:\/\/www.woutim.be\/fr\/travaux-de-peinture\/au-dela-de-la-lune\/","title":{"rendered":"AU-DEL\u00c0 DE LA LUNE"},"content":{"rendered":"\t\t<div data-elementor-type=\"wp-page\" data-elementor-id=\"2506\" class=\"elementor elementor-2506 elementor-625\" data-elementor-post-type=\"page\">\n\t\t\t\t\t\t<section class=\"elementor-section elementor-top-section elementor-element elementor-element-18d466e elementor-section-boxed elementor-section-height-default elementor-section-height-default\" data-id=\"18d466e\" data-element_type=\"section\">\n\t\t\t\t\t\t<div class=\"elementor-container elementor-column-gap-default\">\n\t\t\t\t\t<div class=\"elementor-column elementor-col-100 elementor-top-column elementor-element elementor-element-0088145\" data-id=\"0088145\" data-element_type=\"column\">\n\t\t\t<div class=\"elementor-widget-wrap elementor-element-populated\">\n\t\t\t\t\t\t<div class=\"elementor-element elementor-element-a96cae3 elementor-widget elementor-widget-heading\" data-id=\"a96cae3\" data-element_type=\"widget\" data-widget_type=\"heading.default\">\n\t\t\t\t<div class=\"elementor-widget-container\">\n\t\t\t\t\t<h2 class=\"elementor-heading-title elementor-size-default\">Woutim. Magicien du sourire sur le visage des enfants malades.<\/h2>\t\t\t\t<\/div>\n\t\t\t\t<\/div>\n\t\t\t\t<div class=\"elementor-element elementor-element-1be966d elementor-widget elementor-widget-heading\" data-id=\"1be966d\" data-element_type=\"widget\" data-widget_type=\"heading.default\">\n\t\t\t\t<div class=\"elementor-widget-container\">\n\t\t\t\t\t<h3 class=\"elementor-heading-title elementor-size-default\">Woutim est un peintre et un partenaire de projet de \"Paint a Smile\". Nous sommes heureux de le faire sur la base de notre vision de l'esprit d'entreprise et des responsabilit\u00e9s sociales qui y sont associ\u00e9es. Nous consid\u00e9rons comme un privil\u00e8ge de pouvoir aider l'organisation Beyond The Moon dans le d\u00e9veloppement de ce projet. Ensemble, nous mettons un sourire sur le visage des enfants malades et des personnes qui les entourent dans les chambres d'h\u00f4pital.<\/h3>\t\t\t\t<\/div>\n\t\t\t\t<\/div>\n\t\t\t\t<div class=\"elementor-element elementor-element-72b24e5 elementor-widget elementor-widget-html\" data-id=\"72b24e5\" data-element_type=\"widget\" data-widget_type=\"html.default\">\n\t\t\t\t<div class=\"elementor-widget-container\">\n\t\t\t\t\t<center><a href=\"#project-pics\" class=\"cta-arrow black\">Lire la suite<\/a><\/center>\t\t\t\t<\/div>\n\t\t\t\t<\/div>\n\t\t\t\t\t<\/div>\n\t\t<\/div>\n\t\t\t\t\t<\/div>\n\t\t<\/section>\n\t\t\t\t<section class=\"elementor-section elementor-top-section elementor-element elementor-element-152e76d elementor-section-full_width elementor-section-stretched elementor-section-height-default elementor-section-height-default\" data-id=\"152e76d\" data-element_type=\"section\" data-settings=\"{&quot;stretch_section&quot;:&quot;section-stretched&quot;}\">\n\t\t\t\t\t\t<div class=\"elementor-container elementor-column-gap-default\">\n\t\t\t\t\t<div class=\"elementor-column elementor-col-50 elementor-top-column elementor-element elementor-element-ff2b9ae\" data-id=\"ff2b9ae\" data-element_type=\"column\">\n\t\t\t<div class=\"elementor-widget-wrap elementor-element-populated\">\n\t\t\t\t\t\t<section class=\"elementor-section elementor-inner-section elementor-element elementor-element-a9fb8ea elementor-section-full_width elementor-section-height-default elementor-section-height-default\" data-id=\"a9fb8ea\" data-element_type=\"section\">\n\t\t\t\t\t\t<div class=\"elementor-container elementor-column-gap-default\">\n\t\t\t\t\t<div class=\"elementor-column elementor-col-100 elementor-inner-column elementor-element elementor-element-d69ced5\" data-id=\"d69ced5\" data-element_type=\"column\">\n\t\t\t<div class=\"elementor-widget-wrap elementor-element-populated\">\n\t\t\t\t\t\t<div class=\"elementor-element elementor-element-205e4d6 elementor-widget elementor-widget-image\" data-id=\"205e4d6\" data-element_type=\"widget\" data-widget_type=\"image.default\">\n\t\t\t\t<div class=\"elementor-widget-container\">\n\t\t\t\t\t\t\t\t\t\t\t\t\t\t\t<img fetchpriority=\"high\" decoding=\"async\" width=\"1080\" height=\"1080\" src=\"https:\/\/www.woutim.be\/wp-content\/uploads\/2022\/12\/foto-1.jpg\" class=\"attachment-full size-full wp-image-2080\" alt=\"\" srcset=\"https:\/\/www.woutim.be\/wp-content\/uploads\/2022\/12\/foto-1.jpg 1080w, https:\/\/www.woutim.be\/wp-content\/uploads\/2022\/12\/foto-1-300x300.jpg 300w, https:\/\/www.woutim.be\/wp-content\/uploads\/2022\/12\/foto-1-1024x1024.jpg 1024w, https:\/\/www.woutim.be\/wp-content\/uploads\/2022\/12\/foto-1-150x150.jpg 150w, https:\/\/www.woutim.be\/wp-content\/uploads\/2022\/12\/foto-1-768x768.jpg 768w\" sizes=\"(max-width: 1080px) 100vw, 1080px\" \/>\t\t\t\t\t\t\t\t\t\t\t\t\t\t\t<\/div>\n\t\t\t\t<\/div>\n\t\t\t\t\t<\/div>\n\t\t<\/div>\n\t\t\t\t\t<\/div>\n\t\t<\/section>\n\t\t\t\t\t<\/div>\n\t\t<\/div>\n\t\t\t\t<div class=\"elementor-column elementor-col-50 elementor-top-column elementor-element elementor-element-2678a05\" data-id=\"2678a05\" data-element_type=\"column\">\n\t\t\t<div class=\"elementor-widget-wrap elementor-element-populated\">\n\t\t\t\t\t\t<div class=\"elementor-element elementor-element-6b60297 elementor-widget elementor-widget-heading\" data-id=\"6b60297\" data-element_type=\"widget\" data-widget_type=\"heading.default\">\n\t\t\t\t<div class=\"elementor-widget-container\">\n\t\t\t\t\t<h2 class=\"elementor-heading-title elementor-size-default\">Depuis sa cr\u00e9ation en 2005, Beyond The Moon offre des vacances inoubliables aux familles ayant un enfant malade.<\/h2>\t\t\t\t<\/div>\n\t\t\t\t<\/div>\n\t\t\t\t<div class=\"elementor-element elementor-element-441b041 elementor-widget elementor-widget-heading\" data-id=\"441b041\" data-element_type=\"widget\" data-widget_type=\"heading.default\">\n\t\t\t\t<div class=\"elementor-widget-container\">\n\t\t\t\t\t<h3 class=\"elementor-heading-title elementor-size-default\">Loin de l'h\u00f4pital st\u00e9rile, ces familles peuvent remonter le moral et renforcer les liens familiaux. Ou plut\u00f4t, ils pourraient. Car le corona virus ne fait pas non plus d'exception pour les enfants malades et leur entourage. Depuis le d\u00e9but de la pand\u00e9mie, toutes les vacances familiales ont \u00e9t\u00e9 suspendues. C'est pourquoi Beyond The Moon a con\u00e7u le projet \"Paint a Smile\" au printemps 2021.<\/h3>\t\t\t\t<\/div>\n\t\t\t\t<\/div>\n\t\t\t\t\t<\/div>\n\t\t<\/div>\n\t\t\t\t\t<\/div>\n\t\t<\/section>\n\t\t\t\t<section class=\"elementor-section elementor-top-section elementor-element elementor-element-ffcf4e9 elementor-section-full_width elementor-section-stretched elementor-section-height-default elementor-section-height-default\" data-id=\"ffcf4e9\" data-element_type=\"section\" data-settings=\"{&quot;stretch_section&quot;:&quot;section-stretched&quot;}\">\n\t\t\t\t\t\t<div class=\"elementor-container elementor-column-gap-default\">\n\t\t\t\t\t<div class=\"elementor-column elementor-col-100 elementor-top-column elementor-element elementor-element-3bde233\" data-id=\"3bde233\" data-element_type=\"column\">\n\t\t\t<div class=\"elementor-widget-wrap elementor-element-populated\">\n\t\t\t\t\t\t<section class=\"elementor-section elementor-inner-section elementor-element elementor-element-34c3a30 elementor-section-full_width elementor-section-height-default elementor-section-height-default\" data-id=\"34c3a30\" data-element_type=\"section\">\n\t\t\t\t\t\t<div class=\"elementor-container elementor-column-gap-default\">\n\t\t\t\t\t<div class=\"elementor-column elementor-col-50 elementor-inner-column elementor-element elementor-element-d228b4f\" data-id=\"d228b4f\" data-element_type=\"column\">\n\t\t\t<div class=\"elementor-widget-wrap elementor-element-populated\">\n\t\t\t\t\t\t<div class=\"elementor-element elementor-element-81957df elementor-widget elementor-widget-heading\" data-id=\"81957df\" data-element_type=\"widget\" data-widget_type=\"heading.default\">\n\t\t\t\t<div class=\"elementor-widget-container\">\n\t\t\t\t\t<h2 class=\"elementor-heading-title elementor-size-default\">Avec \"Paint a Smile\", Beyond The Moon met de la couleur dans la vie des familles ayant un enfant malade.<\/h2>\t\t\t\t<\/div>\n\t\t\t\t<\/div>\n\t\t\t\t<div class=\"elementor-element elementor-element-62672e6 elementor-widget elementor-widget-heading\" data-id=\"62672e6\" data-element_type=\"widget\" data-widget_type=\"heading.default\">\n\t\t\t\t<div class=\"elementor-widget-container\">\n\t\t\t\t\t<h3 class=\"elementor-heading-title elementor-size-default\">Dirk, un autre partenaire de projet de \"Paint a Smile\", est un punitif lorsqu'il s'agit de peinture artistique et d\u00e9corative. Il place des joyaux de peintures murales interactives en 3D sur les murs froids des chambres d'h\u00f4pital ou des salles de consultation. Chaque murale 3D est unique mais a toujours le m\u00eame th\u00e8me : une famille d'animaux donne vie \u00e0 une exp\u00e9rience familiale (de vacances).<\/h3>\t\t\t\t<\/div>\n\t\t\t\t<\/div>\n\t\t\t\t\t<\/div>\n\t\t<\/div>\n\t\t\t\t<div class=\"elementor-column elementor-col-50 elementor-inner-column elementor-element elementor-element-8885700\" data-id=\"8885700\" data-element_type=\"column\">\n\t\t\t<div class=\"elementor-widget-wrap elementor-element-populated\">\n\t\t\t\t\t\t<div class=\"elementor-element elementor-element-443193f elementor-widget elementor-widget-image\" data-id=\"443193f\" data-element_type=\"widget\" data-widget_type=\"image.default\">\n\t\t\t\t<div class=\"elementor-widget-container\">\n\t\t\t\t\t\t\t\t\t\t\t\t\t\t\t<img decoding=\"async\" width=\"1080\" height=\"1080\" src=\"https:\/\/www.woutim.be\/wp-content\/uploads\/2022\/12\/foto-2.jpg\" class=\"attachment-full size-full wp-image-2082\" alt=\"\" srcset=\"https:\/\/www.woutim.be\/wp-content\/uploads\/2022\/12\/foto-2.jpg 1080w, https:\/\/www.woutim.be\/wp-content\/uploads\/2022\/12\/foto-2-300x300.jpg 300w, https:\/\/www.woutim.be\/wp-content\/uploads\/2022\/12\/foto-2-1024x1024.jpg 1024w, https:\/\/www.woutim.be\/wp-content\/uploads\/2022\/12\/foto-2-150x150.jpg 150w, https:\/\/www.woutim.be\/wp-content\/uploads\/2022\/12\/foto-2-768x768.jpg 768w\" sizes=\"(max-width: 1080px) 100vw, 1080px\" \/>\t\t\t\t\t\t\t\t\t\t\t\t\t\t\t<\/div>\n\t\t\t\t<\/div>\n\t\t\t\t\t<\/div>\n\t\t<\/div>\n\t\t\t\t\t<\/div>\n\t\t<\/section>\n\t\t\t\t\t<\/div>\n\t\t<\/div>\n\t\t\t\t\t<\/div>\n\t\t<\/section>\n\t\t\t\t<section class=\"elementor-section elementor-top-section elementor-element elementor-element-5a8a1de elementor-section-full_width elementor-section-stretched elementor-section-height-default elementor-section-height-default\" data-id=\"5a8a1de\" data-element_type=\"section\" data-settings=\"{&quot;stretch_section&quot;:&quot;section-stretched&quot;}\">\n\t\t\t\t\t\t<div class=\"elementor-container elementor-column-gap-default\">\n\t\t\t\t\t<div class=\"elementor-column elementor-col-100 elementor-top-column elementor-element elementor-element-ed29d9e\" data-id=\"ed29d9e\" data-element_type=\"column\">\n\t\t\t<div class=\"elementor-widget-wrap elementor-element-populated\">\n\t\t\t\t\t\t<section class=\"elementor-section elementor-inner-section elementor-element elementor-element-d7773c8 elementor-section-full_width elementor-section-height-default elementor-section-height-default\" data-id=\"d7773c8\" data-element_type=\"section\">\n\t\t\t\t\t\t<div class=\"elementor-container elementor-column-gap-default\">\n\t\t\t\t\t<div class=\"elementor-column elementor-col-50 elementor-inner-column elementor-element elementor-element-aaa1d84\" data-id=\"aaa1d84\" data-element_type=\"column\">\n\t\t\t<div class=\"elementor-widget-wrap elementor-element-populated\">\n\t\t\t\t\t\t<div class=\"elementor-element elementor-element-d6db0c1 elementor-widget elementor-widget-image\" data-id=\"d6db0c1\" data-element_type=\"widget\" data-widget_type=\"image.default\">\n\t\t\t\t<div class=\"elementor-widget-container\">\n\t\t\t\t\t\t\t\t\t\t\t\t\t\t\t<img decoding=\"async\" width=\"1080\" height=\"1080\" src=\"https:\/\/www.woutim.be\/wp-content\/uploads\/2022\/12\/foto-3.jpg\" class=\"attachment-full size-full wp-image-2084\" alt=\"\" srcset=\"https:\/\/www.woutim.be\/wp-content\/uploads\/2022\/12\/foto-3.jpg 1080w, https:\/\/www.woutim.be\/wp-content\/uploads\/2022\/12\/foto-3-300x300.jpg 300w, https:\/\/www.woutim.be\/wp-content\/uploads\/2022\/12\/foto-3-1024x1024.jpg 1024w, https:\/\/www.woutim.be\/wp-content\/uploads\/2022\/12\/foto-3-150x150.jpg 150w, https:\/\/www.woutim.be\/wp-content\/uploads\/2022\/12\/foto-3-768x768.jpg 768w\" sizes=\"(max-width: 1080px) 100vw, 1080px\" \/>\t\t\t\t\t\t\t\t\t\t\t\t\t\t\t<\/div>\n\t\t\t\t<\/div>\n\t\t\t\t\t<\/div>\n\t\t<\/div>\n\t\t\t\t<div class=\"elementor-column elementor-col-50 elementor-inner-column elementor-element elementor-element-0bfbe2b\" data-id=\"0bfbe2b\" data-element_type=\"column\">\n\t\t\t<div class=\"elementor-widget-wrap elementor-element-populated\">\n\t\t\t\t\t\t<div class=\"elementor-element elementor-element-aff9a28 elementor-widget elementor-widget-heading\" data-id=\"aff9a28\" data-element_type=\"widget\" data-widget_type=\"heading.default\">\n\t\t\t\t<div class=\"elementor-widget-container\">\n\t\t\t\t\t<h2 class=\"elementor-heading-title elementor-size-default\">Pr\u00e9parer les murs \u00e0 la perfection<\/h2>\t\t\t\t<\/div>\n\t\t\t\t<\/div>\n\t\t\t\t<div class=\"elementor-element elementor-element-6539df8 elementor-widget elementor-widget-heading\" data-id=\"6539df8\" data-element_type=\"widget\" data-widget_type=\"heading.default\">\n\t\t\t\t<div class=\"elementor-widget-container\">\n\t\t\t\t\t<h3 class=\"elementor-heading-title elementor-size-default\">Mais avant que Dirk puisse se lancer dans une telle \u0153uvre d'art, nous entrons en sc\u00e8ne. Nous nous sommes engag\u00e9s \u00e0 pr\u00e9parer les murs pour qu'ils soient impeccables. Nous les rendons parfaitement r\u00e9guliers et les appr\u00eatons. De cette fa\u00e7on, le travail artistique sera encore meilleur plus tard.<\/h3>\t\t\t\t<\/div>\n\t\t\t\t<\/div>\n\t\t\t\t\t<\/div>\n\t\t<\/div>\n\t\t\t\t\t<\/div>\n\t\t<\/section>\n\t\t\t\t\t<\/div>\n\t\t<\/div>\n\t\t\t\t\t<\/div>\n\t\t<\/section>\n\t\t\t\t<section class=\"elementor-section elementor-top-section elementor-element elementor-element-41a0eeb elementor-section-full_width elementor-section-stretched elementor-section-height-default elementor-section-height-default\" data-id=\"41a0eeb\" data-element_type=\"section\" data-settings=\"{&quot;stretch_section&quot;:&quot;section-stretched&quot;}\">\n\t\t\t\t\t\t<div class=\"elementor-container elementor-column-gap-default\">\n\t\t\t\t\t<div class=\"elementor-column elementor-col-100 elementor-top-column elementor-element elementor-element-ad8afd5\" data-id=\"ad8afd5\" data-element_type=\"column\">\n\t\t\t<div class=\"elementor-widget-wrap elementor-element-populated\">\n\t\t\t\t\t\t<section class=\"elementor-section elementor-inner-section elementor-element elementor-element-4130b60 elementor-section-full_width elementor-section-height-default elementor-section-height-default\" data-id=\"4130b60\" data-element_type=\"section\">\n\t\t\t\t\t\t<div class=\"elementor-container elementor-column-gap-default\">\n\t\t\t\t\t<div class=\"elementor-column elementor-col-50 elementor-inner-column elementor-element elementor-element-418e3f1\" data-id=\"418e3f1\" data-element_type=\"column\">\n\t\t\t<div class=\"elementor-widget-wrap elementor-element-populated\">\n\t\t\t\t\t\t<div class=\"elementor-element elementor-element-0ac4c99 elementor-widget elementor-widget-image\" data-id=\"0ac4c99\" data-element_type=\"widget\" data-widget_type=\"image.default\">\n\t\t\t\t<div class=\"elementor-widget-container\">\n\t\t\t\t\t\t\t\t\t\t\t\t\t\t\t<img loading=\"lazy\" decoding=\"async\" width=\"1080\" height=\"1080\" src=\"https:\/\/www.woutim.be\/wp-content\/uploads\/2022\/12\/foto-4.jpg\" class=\"attachment-full size-full wp-image-2086\" alt=\"\" srcset=\"https:\/\/www.woutim.be\/wp-content\/uploads\/2022\/12\/foto-4.jpg 1080w, https:\/\/www.woutim.be\/wp-content\/uploads\/2022\/12\/foto-4-300x300.jpg 300w, https:\/\/www.woutim.be\/wp-content\/uploads\/2022\/12\/foto-4-1024x1024.jpg 1024w, https:\/\/www.woutim.be\/wp-content\/uploads\/2022\/12\/foto-4-150x150.jpg 150w, https:\/\/www.woutim.be\/wp-content\/uploads\/2022\/12\/foto-4-768x768.jpg 768w\" sizes=\"(max-width: 1080px) 100vw, 1080px\" \/>\t\t\t\t\t\t\t\t\t\t\t\t\t\t\t<\/div>\n\t\t\t\t<\/div>\n\t\t\t\t\t<\/div>\n\t\t<\/div>\n\t\t\t\t<div class=\"elementor-column elementor-col-50 elementor-inner-column elementor-element elementor-element-03545fc\" data-id=\"03545fc\" data-element_type=\"column\">\n\t\t\t<div class=\"elementor-widget-wrap elementor-element-populated\">\n\t\t\t\t\t\t<div class=\"elementor-element elementor-element-d7cfac0 elementor-widget elementor-widget-image\" data-id=\"d7cfac0\" data-element_type=\"widget\" data-widget_type=\"image.default\">\n\t\t\t\t<div class=\"elementor-widget-container\">\n\t\t\t\t\t\t\t\t\t\t\t\t\t\t\t<img loading=\"lazy\" decoding=\"async\" width=\"1080\" height=\"1080\" src=\"https:\/\/www.woutim.be\/wp-content\/uploads\/2022\/12\/foto-5.jpg\" class=\"attachment-full size-full wp-image-2088\" alt=\"\" srcset=\"https:\/\/www.woutim.be\/wp-content\/uploads\/2022\/12\/foto-5.jpg 1080w, https:\/\/www.woutim.be\/wp-content\/uploads\/2022\/12\/foto-5-300x300.jpg 300w, https:\/\/www.woutim.be\/wp-content\/uploads\/2022\/12\/foto-5-1024x1024.jpg 1024w, https:\/\/www.woutim.be\/wp-content\/uploads\/2022\/12\/foto-5-150x150.jpg 150w, https:\/\/www.woutim.be\/wp-content\/uploads\/2022\/12\/foto-5-768x768.jpg 768w\" sizes=\"(max-width: 1080px) 100vw, 1080px\" \/>\t\t\t\t\t\t\t\t\t\t\t\t\t\t\t<\/div>\n\t\t\t\t<\/div>\n\t\t\t\t\t<\/div>\n\t\t<\/div>\n\t\t\t\t\t<\/div>\n\t\t<\/section>\n\t\t\t\t\t<\/div>\n\t\t<\/div>\n\t\t\t\t\t<\/div>\n\t\t<\/section>\n\t\t\t\t<section class=\"elementor-section elementor-top-section elementor-element elementor-element-d8a62dd elementor-section-full_width elementor-section-stretched elementor-section-height-default elementor-section-height-default\" data-id=\"d8a62dd\" data-element_type=\"section\" data-settings=\"{&quot;stretch_section&quot;:&quot;section-stretched&quot;}\">\n\t\t\t\t\t\t<div class=\"elementor-container elementor-column-gap-default\">\n\t\t\t\t\t<div class=\"elementor-column elementor-col-100 elementor-top-column elementor-element elementor-element-1a0920b\" data-id=\"1a0920b\" data-element_type=\"column\">\n\t\t\t<div class=\"elementor-widget-wrap elementor-element-populated\">\n\t\t\t\t\t\t<section class=\"elementor-section elementor-inner-section elementor-element elementor-element-e2c0533 elementor-section-full_width elementor-section-height-default elementor-section-height-default\" data-id=\"e2c0533\" data-element_type=\"section\">\n\t\t\t\t\t\t<div class=\"elementor-container elementor-column-gap-default\">\n\t\t\t\t\t<div class=\"elementor-column elementor-col-50 elementor-inner-column elementor-element elementor-element-b787670\" data-id=\"b787670\" data-element_type=\"column\">\n\t\t\t<div class=\"elementor-widget-wrap elementor-element-populated\">\n\t\t\t\t\t\t<div class=\"elementor-element elementor-element-0563aac elementor-widget elementor-widget-heading\" data-id=\"0563aac\" data-element_type=\"widget\" data-widget_type=\"heading.default\">\n\t\t\t\t<div class=\"elementor-widget-container\">\n\t\t\t\t\t<h2 class=\"elementor-heading-title elementor-size-default\">Le r\u00e9sultat ?<\/h2>\t\t\t\t<\/div>\n\t\t\t\t<\/div>\n\t\t\t\t<div class=\"elementor-element elementor-element-6d5effb elementor-widget elementor-widget-heading\" data-id=\"6d5effb\" data-element_type=\"widget\" data-widget_type=\"heading.default\">\n\t\t\t\t<div class=\"elementor-widget-container\">\n\t\t\t\t\t<h3 class=\"elementor-heading-title elementor-size-default\">Un sourire sur le visage des enfants pendant leur hospitalisation \u00e0 l'h\u00f4pital. Elle les aide \u00e9galement \u00e0 oublier les exp\u00e9riences traumatisantes et \u00e0 soulager leur stress, leurs inqui\u00e9tudes et leur solitude.<\/h3>\t\t\t\t<\/div>\n\t\t\t\t<\/div>\n\t\t\t\t\t<\/div>\n\t\t<\/div>\n\t\t\t\t<div class=\"elementor-column elementor-col-50 elementor-inner-column elementor-element elementor-element-9c3a700\" data-id=\"9c3a700\" data-element_type=\"column\">\n\t\t\t<div class=\"elementor-widget-wrap elementor-element-populated\">\n\t\t\t\t\t\t<div class=\"elementor-element elementor-element-cc37047 elementor-widget elementor-widget-image\" data-id=\"cc37047\" data-element_type=\"widget\" data-widget_type=\"image.default\">\n\t\t\t\t<div class=\"elementor-widget-container\">\n\t\t\t\t\t\t\t\t\t\t\t\t\t\t\t<img loading=\"lazy\" decoding=\"async\" width=\"1080\" height=\"1080\" src=\"https:\/\/www.woutim.be\/wp-content\/uploads\/2022\/12\/foto-6.jpg\" class=\"attachment-full size-full wp-image-2090\" alt=\"\" srcset=\"https:\/\/www.woutim.be\/wp-content\/uploads\/2022\/12\/foto-6.jpg 1080w, https:\/\/www.woutim.be\/wp-content\/uploads\/2022\/12\/foto-6-300x300.jpg 300w, https:\/\/www.woutim.be\/wp-content\/uploads\/2022\/12\/foto-6-1024x1024.jpg 1024w, https:\/\/www.woutim.be\/wp-content\/uploads\/2022\/12\/foto-6-150x150.jpg 150w, https:\/\/www.woutim.be\/wp-content\/uploads\/2022\/12\/foto-6-768x768.jpg 768w\" sizes=\"(max-width: 1080px) 100vw, 1080px\" \/>\t\t\t\t\t\t\t\t\t\t\t\t\t\t\t<\/div>\n\t\t\t\t<\/div>\n\t\t\t\t\t<\/div>\n\t\t<\/div>\n\t\t\t\t\t<\/div>\n\t\t<\/section>\n\t\t\t\t\t<\/div>\n\t\t<\/div>\n\t\t\t\t\t<\/div>\n\t\t<\/section>\n\t\t\t\t<section class=\"elementor-section elementor-top-section elementor-element elementor-element-6cf5edd elementor-section-boxed elementor-section-height-default elementor-section-height-default\" data-id=\"6cf5edd\" data-element_type=\"section\">\n\t\t\t\t\t\t<div class=\"elementor-container elementor-column-gap-default\">\n\t\t\t\t\t<div class=\"elementor-column elementor-col-33 elementor-top-column elementor-element elementor-element-6ca45d1\" data-id=\"6ca45d1\" data-element_type=\"column\">\n\t\t\t<div class=\"elementor-widget-wrap\">\n\t\t\t\t\t\t\t<\/div>\n\t\t<\/div>\n\t\t\t\t<div class=\"elementor-column elementor-col-33 elementor-top-column elementor-element elementor-element-ee6483d\" data-id=\"ee6483d\" data-element_type=\"column\">\n\t\t\t<div class=\"elementor-widget-wrap elementor-element-populated\">\n\t\t\t\t\t\t<div class=\"elementor-element elementor-element-d4a3fa0 elementor-widget elementor-widget-heading\" data-id=\"d4a3fa0\" data-element_type=\"widget\" data-widget_type=\"heading.default\">\n\t\t\t\t<div class=\"elementor-widget-container\">\n\t\t\t\t\t<h3 class=\"elementor-heading-title elementor-size-default\">Woutim est fier d'\u00eatre litt\u00e9ralement \u00e0 la base de ces peintures murales. Esp\u00e9rons que c'est ainsi que nous apporterons de l'\u00e9nergie, de la joie et de l'espoir aux enfants qui en ont si d\u00e9sesp\u00e9r\u00e9ment besoin.<\/h3>\t\t\t\t<\/div>\n\t\t\t\t<\/div>\n\t\t\t\t<div class=\"elementor-element elementor-element-4cd47ac elementor-widget elementor-widget-button \" data-id=\"4cd47ac\" data-element_type=\"widget\" data-widget_type=\"button .default\">\n\t\t\t\t<div class=\"elementor-widget-container\">\n\t\t\t\t\t\n\n<div class=\"container\">\n    <div style=\"text-align: center; margin-top: 50px;\" class=\" \">\n        <a  class=\"cta-border-black go to-news\">BEKIJK MEER NIEUWS<\/a>\n    <\/div>\n<\/div>\n\n\t\t\t\t<\/div>\n\t\t\t\t<\/div>\n\t\t\t\t\t<\/div>\n\t\t<\/div>\n\t\t\t\t<div class=\"elementor-column elementor-col-33 elementor-top-column elementor-element elementor-element-f915437\" data-id=\"f915437\" data-element_type=\"column\">\n\t\t\t<div class=\"elementor-widget-wrap\">\n\t\t\t\t\t\t\t<\/div>\n\t\t<\/div>\n\t\t\t\t\t<\/div>\n\t\t<\/section>\n\t\t\t\t<section class=\"elementor-section elementor-top-section elementor-element elementor-element-6c1da48 elementor-section-boxed elementor-section-height-default elementor-section-height-default\" data-id=\"6c1da48\" data-element_type=\"section\">\n\t\t\t\t\t\t<div class=\"elementor-container elementor-column-gap-default\">\n\t\t\t\t\t<div class=\"elementor-column elementor-col-100 elementor-top-column elementor-element elementor-element-3a47402\" data-id=\"3a47402\" data-element_type=\"column\">\n\t\t\t<div class=\"elementor-widget-wrap elementor-element-populated\">\n\t\t\t\t\t\t<div class=\"elementor-element elementor-element-94cf712 elementor-widget elementor-widget-ecostory\" data-id=\"94cf712\" data-element_type=\"widget\" data-widget_type=\"ecostory.default\">\n\t\t\t\t<div class=\"elementor-widget-container\">\n\t\t\t\t\t\r\n<!-- Start rendering the output -->\r\n<div class=\"container\">\r\n    <div class=\"row\">\r\n        <div class=\"col-md-6  \">\r\n            <div class=\"small-margin-desktop\"><\/div>\r\n            <h2>Het blaadje op de \u2018I\u2019<\/h2>\r\n            <h3>Woutim realiseert ecovriendelijk. Het aanbieden van degelijke en duurzame producten gaat hand in hand met ons eco-verhaal.<\/h3>\r\n            <a  class=\"cta-arrow cta-arrow black go to-eco\">ONTDEK ONS ECO-VERHAAL<\/a>\r\n        <\/div>\r\n        <div class=\"col-md-6  \">\r\n            <figure class=\"big-figure\" id=\"randImage\">\r\n                <img decoding=\"async\" src=\"https:\/\/www.woutim.be\/wp-content\/uploads\/2022\/12\/borstelreiniging-white.gif\" width=\"100%\">\r\n            <\/figure>\r\n        <\/div>\r\n    <\/div>\r\n<\/div>\r\n\r\n\t\t\t\t<\/div>\n\t\t\t\t<\/div>\n\t\t\t\t\t<\/div>\n\t\t<\/div>\n\t\t\t\t\t<\/div>\n\t\t<\/section>\n\t\t\t\t<\/div>\n\t\t","protected":false},"excerpt":{"rendered":"<p>Woutim. Magicien du sourire sur le visage des enfants malades. Woutim est un peintre et un partenaire de projet de &#8220;Paint a Smile&#8221;. Nous sommes heureux de le faire sur la base de notre vision de l&#8217;esprit d&#8217;entreprise et des responsabilit\u00e9s sociales qui y sont associ\u00e9es. Nous consid\u00e9rons comme un privil\u00e8ge de pouvoir aider l&#8217;organisation [&hellip;]<\/p>\n","protected":false},"author":1,"featured_media":0,"parent":2670,"menu_order":0,"comment_status":"closed","ping_status":"closed","template":"paintworks\/projects-template.php","meta":{"_acf_changed":false,"inline_featured_image":false,"footnotes":""},"class_list":["post-2506","page","type-page","status-publish","hentry"],"acf":[],"_links":{"self":[{"href":"https:\/\/www.woutim.be\/fr\/wp-json\/wp\/v2\/pages\/2506","targetHints":{"allow":["GET"]}}],"collection":[{"href":"https:\/\/www.woutim.be\/fr\/wp-json\/wp\/v2\/pages"}],"about":[{"href":"https:\/\/www.woutim.be\/fr\/wp-json\/wp\/v2\/types\/page"}],"author":[{"embeddable":true,"href":"https:\/\/www.woutim.be\/fr\/wp-json\/wp\/v2\/users\/1"}],"replies":[{"embeddable":true,"href":"https:\/\/www.woutim.be\/fr\/wp-json\/wp\/v2\/comments?post=2506"}],"version-history":[{"count":1,"href":"https:\/\/www.woutim.be\/fr\/wp-json\/wp\/v2\/pages\/2506\/revisions"}],"predecessor-version":[{"id":2510,"href":"https:\/\/www.woutim.be\/fr\/wp-json\/wp\/v2\/pages\/2506\/revisions\/2510"}],"up":[{"embeddable":true,"href":"https:\/\/www.woutim.be\/fr\/wp-json\/wp\/v2\/pages\/2670"}],"wp:attachment":[{"href":"https:\/\/www.woutim.be\/fr\/wp-json\/wp\/v2\/media?parent=2506"}],"curies":[{"name":"wp","href":"https:\/\/api.w.org\/{rel}","templated":true}]}}